{"id":671,"date":"2024-11-09T01:37:34","date_gmt":"2024-11-09T01:37:34","guid":{"rendered":"https:\/\/cilsbeauty.com\/boutique\/"},"modified":"2024-11-13T12:08:57","modified_gmt":"2024-11-13T12:08:57","slug":"boutique","status":"publish","type":"page","link":"https:\/\/cilsbeauty.com\/fr\/boutique\/","title":{"rendered":"Boutique"},"content":{"rendered":"\t\t<div data-elementor-type=\"wp-page\" data-elementor-id=\"671\" class=\"elementor elementor-671 elementor-651\" data-elementor-post-type=\"page\">\n\t\t\t\t<div class=\"elementor-element elementor-element-7fd88b7 e-flex e-con-boxed e-con e-parent\" data-id=\"7fd88b7\" data-element_type=\"container\" data-e-type=\"container\" data-settings=\"{&quot;background_background&quot;:&quot;classic&quot;}\">\n\t\t\t\t\t<div class=\"e-con-inner\">\n\t\t\t\t<div class=\"elementor-element elementor-element-8747866 elementor-widget elementor-widget-heading\" data-id=\"8747866\" data-element_type=\"widget\" data-e-type=\"widget\" data-widget_type=\"heading.default\">\n\t\t\t\t<div class=\"elementor-widget-container\">\n\t\t\t\t\t<h2 class=\"elementor-heading-title elementor-size-default\">Products<\/h2>\t\t\t\t<\/div>\n\t\t\t\t<\/div>\n\t\t\t\t<div class=\"elementor-element elementor-element-3eb4c58 elementor-widget elementor-widget-text-editor\" data-id=\"3eb4c58\" data-element_type=\"widget\" data-e-type=\"widget\" data-widget_type=\"text-editor.default\">\n\t\t\t\t<div class=\"elementor-widget-container\">\n\t\t\t\t\t\t\t\t\t<p>Our lash and beauty products are carefully selected to make your lash care easier.<br>\n<p>Currently, we do not ship and only pickup option from our studio in Laval, Quebec is available. <br>Shipping options will be available soon, check back later.<\/p>\t\t\t\t\t\t\t\t<\/div>\n\t\t\t\t<\/div>\n\t\t\t\t\t<\/div>\n\t\t\t\t<\/div>\n\t\t<div class=\"elementor-element elementor-element-b6e5970 e-flex e-con-boxed e-con e-parent\" data-id=\"b6e5970\" data-element_type=\"container\" data-e-type=\"container\">\n\t\t\t\t\t<div class=\"e-con-inner\">\n\t\t<div class=\"elementor-element elementor-element-f87b147 e-con-full e-flex e-con e-child\" data-id=\"f87b147\" data-element_type=\"container\" data-e-type=\"container\">\n\t\t\t\t<div class=\"elementor-element elementor-element-cbed0c7 elementor-grid-4 elementor-grid-tablet-3 elementor-grid-mobile-2 elementor-products-grid elementor-wc-products elementor-widget elementor-widget-woocommerce-products\" data-id=\"cbed0c7\" data-element_type=\"widget\" data-e-type=\"widget\" data-widget_type=\"woocommerce-products.default\">\n\t\t\t\t<div class=\"elementor-widget-container\">\n\t\t\t\t\t<div class=\"woocommerce columns-4 \"><ul class=\"products elementor-grid columns-4\">\n<li class=\"product type-product post-991 status-publish first instock product_cat-produits has-post-thumbnail taxable shipping-taxable purchasable product-type-simple\">\n\t<a href=\"https:\/\/cilsbeauty.com\/fr\/product\/cils-classiques\/\" class=\"woocommerce-LoopProduct-link woocommerce-loop-product__link\"><img fetchpriority=\"high\" decoding=\"async\" width=\"300\" height=\"300\" src=\"https:\/\/cilsbeauty.com\/wp-content\/uploads\/2026\/01\/IMG_9961-300x300.jpg\" class=\"attachment-woocommerce_thumbnail size-woocommerce_thumbnail\" alt=\"Cils classiques - Vison\" srcset=\"https:\/\/cilsbeauty.com\/wp-content\/uploads\/2026\/01\/IMG_9961-300x300.jpg 300w, https:\/\/cilsbeauty.com\/wp-content\/uploads\/2026\/01\/IMG_9961-150x150.jpg 150w, https:\/\/cilsbeauty.com\/wp-content\/uploads\/2026\/01\/IMG_9961-100x100.jpg 100w\" sizes=\"(max-width: 300px) 100vw, 300px\" \/><h2 class=\"woocommerce-loop-product__title\">Cils classiques &#8211; Vison<\/h2>\n\t<span class=\"price\"><span class=\"woocommerce-Price-amount amount\"><bdi><span class=\"woocommerce-Price-currencySymbol\">&#36;<\/span>22.99<\/bdi><\/span><\/span>\n<\/a><a href=\"\/fr\/wp-json\/wp\/v2\/pages\/671?add-to-cart=991\" aria-describedby=\"woocommerce_loop_add_to_cart_link_describedby_991\" data-quantity=\"1\" class=\"button product_type_simple add_to_cart_button ajax_add_to_cart\" data-product_id=\"991\" data-product_sku=\"\" aria-label=\"Ajouter au panier\u00a0: &ldquo;Cils classiques - Vison&rdquo;\" rel=\"nofollow\" data-success_message=\"\u00ab\u00a0Cils classiques - Vison\u00a0\u00bb a \u00e9t\u00e9 ajout\u00e9 \u00e0 votre panier\" role=\"button\">Ajouter au panier<\/a>\t<span id=\"woocommerce_loop_add_to_cart_link_describedby_991\" class=\"screen-reader-text\">\n\t\t\t<\/span>\n<\/li>\n<li class=\"product type-product post-813 status-publish instock product_cat-produits has-post-thumbnail taxable shipping-taxable purchasable product-type-simple\">\n\t<a href=\"https:\/\/cilsbeauty.com\/fr\/product\/ruban-blanc-nichiban\/\" class=\"woocommerce-LoopProduct-link woocommerce-loop-product__link\"><img decoding=\"async\" width=\"300\" height=\"300\" src=\"https:\/\/cilsbeauty.com\/wp-content\/uploads\/2024\/10\/image4-300x300.png\" class=\"attachment-woocommerce_thumbnail size-woocommerce_thumbnail\" alt=\"Ruban blanc Nichiban\" srcset=\"https:\/\/cilsbeauty.com\/wp-content\/uploads\/2024\/10\/image4-300x300.png 300w, https:\/\/cilsbeauty.com\/wp-content\/uploads\/2024\/10\/image4-150x150.png 150w, https:\/\/cilsbeauty.com\/wp-content\/uploads\/2024\/10\/image4-100x100.png 100w, https:\/\/cilsbeauty.com\/wp-content\/uploads\/2024\/10\/image4.png 409w\" sizes=\"(max-width: 300px) 100vw, 300px\" \/><h2 class=\"woocommerce-loop-product__title\">Ruban blanc Nichiban<\/h2>\n\t<span class=\"price\"><span class=\"woocommerce-Price-amount amount\"><bdi><span class=\"woocommerce-Price-currencySymbol\">&#36;<\/span>6.00<\/bdi><\/span><\/span>\n<\/a><a href=\"\/fr\/wp-json\/wp\/v2\/pages\/671?add-to-cart=813\" aria-describedby=\"woocommerce_loop_add_to_cart_link_describedby_813\" data-quantity=\"1\" class=\"button product_type_simple add_to_cart_button ajax_add_to_cart\" data-product_id=\"813\" data-product_sku=\"\" aria-label=\"Ajouter au panier\u00a0: &ldquo;Ruban blanc Nichiban&rdquo;\" rel=\"nofollow\" data-success_message=\"\u00ab\u00a0Ruban blanc Nichiban\u00a0\u00bb a \u00e9t\u00e9 ajout\u00e9 \u00e0 votre panier\" role=\"button\">Ajouter au panier<\/a>\t<span id=\"woocommerce_loop_add_to_cart_link_describedby_813\" class=\"screen-reader-text\">\n\t\t\t<\/span>\n<\/li>\n<li class=\"product type-product post-815 status-publish instock product_cat-produits has-post-thumbnail taxable shipping-taxable purchasable product-type-simple\">\n\t<a href=\"https:\/\/cilsbeauty.com\/fr\/product\/applicateurs-a-usage-unique\/\" class=\"woocommerce-LoopProduct-link woocommerce-loop-product__link\"><img decoding=\"async\" width=\"243\" height=\"207\" src=\"https:\/\/cilsbeauty.com\/wp-content\/uploads\/2024\/10\/image5.jpg\" class=\"attachment-woocommerce_thumbnail size-woocommerce_thumbnail\" alt=\"Applicateurs \u00e0 usage unique\" \/><h2 class=\"woocommerce-loop-product__title\">Applicateurs \u00e0 usage unique<\/h2>\n\t<span class=\"price\"><span class=\"woocommerce-Price-amount amount\"><bdi><span class=\"woocommerce-Price-currencySymbol\">&#36;<\/span>10.00<\/bdi><\/span><\/span>\n<\/a><a href=\"\/fr\/wp-json\/wp\/v2\/pages\/671?add-to-cart=815\" aria-describedby=\"woocommerce_loop_add_to_cart_link_describedby_815\" data-quantity=\"1\" class=\"button product_type_simple add_to_cart_button ajax_add_to_cart\" data-product_id=\"815\" data-product_sku=\"\" aria-label=\"Ajouter au panier\u00a0: &ldquo;Applicateurs \u00e0 usage unique&rdquo;\" rel=\"nofollow\" data-success_message=\"\u00ab\u00a0Applicateurs \u00e0 usage unique\u00a0\u00bb a \u00e9t\u00e9 ajout\u00e9 \u00e0 votre panier\" role=\"button\">Ajouter au panier<\/a>\t<span id=\"woocommerce_loop_add_to_cart_link_describedby_815\" class=\"screen-reader-text\">\n\t\t\t<\/span>\n<\/li>\n<li class=\"product type-product post-816 status-publish last instock product_cat-produits has-post-thumbnail taxable shipping-taxable purchasable product-type-simple\">\n\t<a href=\"https:\/\/cilsbeauty.com\/fr\/product\/micro-brosses\/\" class=\"woocommerce-LoopProduct-link woocommerce-loop-product__link\"><img loading=\"lazy\" decoding=\"async\" width=\"300\" height=\"300\" src=\"https:\/\/cilsbeauty.com\/wp-content\/uploads\/2024\/10\/image2-300x300.png\" class=\"attachment-woocommerce_thumbnail size-woocommerce_thumbnail\" alt=\"Micro brosses\" srcset=\"https:\/\/cilsbeauty.com\/wp-content\/uploads\/2024\/10\/image2-300x300.png 300w, https:\/\/cilsbeauty.com\/wp-content\/uploads\/2024\/10\/image2-150x150.png 150w, https:\/\/cilsbeauty.com\/wp-content\/uploads\/2024\/10\/image2-100x100.png 100w, https:\/\/cilsbeauty.com\/wp-content\/uploads\/2024\/10\/image2.png 513w\" sizes=\"(max-width: 300px) 100vw, 300px\" \/><h2 class=\"woocommerce-loop-product__title\">Micro brosses<\/h2>\n\t<span class=\"price\"><span class=\"woocommerce-Price-amount amount\"><bdi><span class=\"woocommerce-Price-currencySymbol\">&#36;<\/span>10.00<\/bdi><\/span><\/span>\n<\/a><a href=\"\/fr\/wp-json\/wp\/v2\/pages\/671?add-to-cart=816\" aria-describedby=\"woocommerce_loop_add_to_cart_link_describedby_816\" data-quantity=\"1\" class=\"button product_type_simple add_to_cart_button ajax_add_to_cart\" data-product_id=\"816\" data-product_sku=\"\" aria-label=\"Ajouter au panier\u00a0: &ldquo;Micro brosses&rdquo;\" rel=\"nofollow\" data-success_message=\"\u00ab\u00a0Micro brosses\u00a0\u00bb a \u00e9t\u00e9 ajout\u00e9 \u00e0 votre panier\" role=\"button\">Ajouter au panier<\/a>\t<span id=\"woocommerce_loop_add_to_cart_link_describedby_816\" class=\"screen-reader-text\">\n\t\t\t<\/span>\n<\/li>\n<li class=\"product type-product post-817 status-publish first instock product_cat-produits has-post-thumbnail taxable shipping-taxable purchasable product-type-simple\">\n\t<a href=\"https:\/\/cilsbeauty.com\/fr\/product\/brosses-a-cils-paquet-de-50\/\" class=\"woocommerce-LoopProduct-link woocommerce-loop-product__link\"><img loading=\"lazy\" decoding=\"async\" width=\"300\" height=\"300\" src=\"https:\/\/cilsbeauty.com\/wp-content\/uploads\/2024\/10\/5daf85b9-d38e-4768-b182-e90367cb5fb6-300x300.jpg\" class=\"attachment-woocommerce_thumbnail size-woocommerce_thumbnail\" alt=\"Brosses \u00e0 cils jetables - Paquet de 50\" srcset=\"https:\/\/cilsbeauty.com\/wp-content\/uploads\/2024\/10\/5daf85b9-d38e-4768-b182-e90367cb5fb6-300x300.jpg 300w, https:\/\/cilsbeauty.com\/wp-content\/uploads\/2024\/10\/5daf85b9-d38e-4768-b182-e90367cb5fb6-150x150.jpg 150w, https:\/\/cilsbeauty.com\/wp-content\/uploads\/2024\/10\/5daf85b9-d38e-4768-b182-e90367cb5fb6-100x100.jpg 100w\" sizes=\"(max-width: 300px) 100vw, 300px\" \/><h2 class=\"woocommerce-loop-product__title\">Brosses \u00e0 cils jetables &#8211; Paquet de 50<\/h2>\n\t<span class=\"price\"><span class=\"woocommerce-Price-amount amount\"><bdi><span class=\"woocommerce-Price-currencySymbol\">&#36;<\/span>8.00<\/bdi><\/span><\/span>\n<\/a><a href=\"\/fr\/wp-json\/wp\/v2\/pages\/671?add-to-cart=817\" aria-describedby=\"woocommerce_loop_add_to_cart_link_describedby_817\" data-quantity=\"1\" class=\"button product_type_simple add_to_cart_button ajax_add_to_cart\" data-product_id=\"817\" data-product_sku=\"\" aria-label=\"Ajouter au panier\u00a0: &ldquo;Brosses \u00e0 cils jetables - Paquet de 50&rdquo;\" rel=\"nofollow\" data-success_message=\"\u00ab\u00a0Brosses \u00e0 cils jetables - Paquet de 50\u00a0\u00bb a \u00e9t\u00e9 ajout\u00e9 \u00e0 votre panier\" role=\"button\">Ajouter au panier<\/a>\t<span id=\"woocommerce_loop_add_to_cart_link_describedby_817\" class=\"screen-reader-text\">\n\t\t\t<\/span>\n<\/li>\n<li class=\"product type-product post-830 status-publish instock product_cat-produits has-post-thumbnail taxable shipping-taxable purchasable product-type-simple\">\n\t<a href=\"https:\/\/cilsbeauty.com\/fr\/product\/lumiere-led-reglable\/\" class=\"woocommerce-LoopProduct-link woocommerce-loop-product__link\"><img loading=\"lazy\" decoding=\"async\" width=\"300\" height=\"300\" src=\"https:\/\/cilsbeauty.com\/wp-content\/uploads\/2024\/09\/image1-300x300.jpg\" class=\"attachment-woocommerce_thumbnail size-woocommerce_thumbnail\" alt=\"Lumi\u00e8re LED r\u00e9glable\" srcset=\"https:\/\/cilsbeauty.com\/wp-content\/uploads\/2024\/09\/image1-300x300.jpg 300w, https:\/\/cilsbeauty.com\/wp-content\/uploads\/2024\/09\/image1-150x150.jpg 150w, https:\/\/cilsbeauty.com\/wp-content\/uploads\/2024\/09\/image1-100x100.jpg 100w, https:\/\/cilsbeauty.com\/wp-content\/uploads\/2024\/09\/image1.jpg 363w\" sizes=\"(max-width: 300px) 100vw, 300px\" \/><h2 class=\"woocommerce-loop-product__title\">Lumi\u00e8re LED r\u00e9glable<\/h2>\n\t<span class=\"price\"><span class=\"woocommerce-Price-amount amount\"><bdi><span class=\"woocommerce-Price-currencySymbol\">&#36;<\/span>375.00<\/bdi><\/span><\/span>\n<\/a><a href=\"\/fr\/wp-json\/wp\/v2\/pages\/671?add-to-cart=830\" aria-describedby=\"woocommerce_loop_add_to_cart_link_describedby_830\" data-quantity=\"1\" class=\"button product_type_simple add_to_cart_button ajax_add_to_cart\" data-product_id=\"830\" data-product_sku=\"\" aria-label=\"Ajouter au panier\u00a0: &ldquo;Lumi\u00e8re LED r\u00e9glable&rdquo;\" rel=\"nofollow\" data-success_message=\"\u00ab\u00a0Lumi\u00e8re LED r\u00e9glable\u00a0\u00bb a \u00e9t\u00e9 ajout\u00e9 \u00e0 votre panier\" role=\"button\">Ajouter au panier<\/a>\t<span id=\"woocommerce_loop_add_to_cart_link_describedby_830\" class=\"screen-reader-text\">\n\t\t\t<\/span>\n<\/li>\n<\/ul>\n<\/div>\t\t\t\t<\/div>\n\t\t\t\t<\/div>\n\t\t\t\t<\/div>\n\t\t\t\t\t<\/div>\n\t\t\t\t<\/div>\n\t\t\t\t<\/div>\n\t\t","protected":false},"excerpt":{"rendered":"<p>Products Our lash and beauty products are carefully selected to make your lash care easier. Currently, we do not ship and only pickup option from our studio in Laval, Quebec is available. Shipping options will be available soon, check back later.<\/p>\n","protected":false},"author":2,"featured_media":0,"parent":0,"menu_order":0,"comment_status":"closed","ping_status":"closed","template":"elementor_header_footer","meta":{"footnotes":""},"class_list":["post-671","page","type-page","status-publish","hentry"],"featured_image_src":null,"yoast_head":"<!-- This site is optimized with the Yoast SEO plugin v27.2 - https:\/\/yoast.com\/product\/yoast-seo-wordpress\/ -->\n<title>Boutique - Cils Beauty<\/title>\n<meta name=\"robots\" content=\"index, follow, max-snippet:-1, max-image-preview:large, max-video-preview:-1\" \/>\n<link rel=\"canonical\" href=\"https:\/\/cilsbeauty.com\/fr\/boutique\/\" \/>\n<meta property=\"og:locale\" content=\"fr_FR\" \/>\n<meta property=\"og:type\" content=\"article\" \/>\n<meta property=\"og:title\" content=\"Boutique - Cils Beauty\" \/>\n<meta property=\"og:description\" content=\"Products Our lash and beauty products are carefully selected to make your lash care easier. Currently, we do not ship and only pickup option from our studio in Laval, Quebec is available. Shipping options will be available soon, check back later.\" \/>\n<meta property=\"og:url\" content=\"https:\/\/cilsbeauty.com\/fr\/boutique\/\" \/>\n<meta property=\"og:site_name\" content=\"Cils Beauty\" \/>\n<meta property=\"article:publisher\" content=\"https:\/\/www.facebook.com\/profile.php\/?id=100010042720837&amp;_rdr\" \/>\n<meta property=\"article:modified_time\" content=\"2024-11-13T12:08:57+00:00\" \/>\n<meta name=\"twitter:card\" content=\"summary_large_image\" \/>\n<script type=\"application\/ld+json\" class=\"yoast-schema-graph\">{\"@context\":\"https:\/\/schema.org\",\"@graph\":[{\"@type\":\"WebPage\",\"@id\":\"https:\/\/cilsbeauty.com\/fr\/boutique\/\",\"url\":\"https:\/\/cilsbeauty.com\/fr\/boutique\/\",\"name\":\"Boutique - Cils Beauty\",\"isPartOf\":{\"@id\":\"https:\/\/pad.gfa.mybluehost.me\/website_311ca753\/#website\"},\"datePublished\":\"2024-11-09T01:37:34+00:00\",\"dateModified\":\"2024-11-13T12:08:57+00:00\",\"breadcrumb\":{\"@id\":\"https:\/\/cilsbeauty.com\/fr\/boutique\/#breadcrumb\"},\"inLanguage\":\"fr-FR\",\"potentialAction\":[{\"@type\":\"ReadAction\",\"target\":[\"https:\/\/cilsbeauty.com\/fr\/boutique\/\"]}]},{\"@type\":\"BreadcrumbList\",\"@id\":\"https:\/\/cilsbeauty.com\/fr\/boutique\/#breadcrumb\",\"itemListElement\":[{\"@type\":\"ListItem\",\"position\":1,\"name\":\"Home\",\"item\":\"https:\/\/cilsbeauty.com\/fr\/accueil\/\"},{\"@type\":\"ListItem\",\"position\":2,\"name\":\"Boutique\"}]},{\"@type\":\"WebSite\",\"@id\":\"https:\/\/pad.gfa.mybluehost.me\/website_311ca753\/#website\",\"url\":\"https:\/\/pad.gfa.mybluehost.me\/website_311ca753\/\",\"name\":\"Cils Beauty\",\"description\":\"\",\"publisher\":{\"@id\":\"https:\/\/pad.gfa.mybluehost.me\/website_311ca753\/#organization\"},\"potentialAction\":[{\"@type\":\"SearchAction\",\"target\":{\"@type\":\"EntryPoint\",\"urlTemplate\":\"https:\/\/pad.gfa.mybluehost.me\/website_311ca753\/?s={search_term_string}\"},\"query-input\":{\"@type\":\"PropertyValueSpecification\",\"valueRequired\":true,\"valueName\":\"search_term_string\"}}],\"inLanguage\":\"fr-FR\"},{\"@type\":\"Organization\",\"@id\":\"https:\/\/pad.gfa.mybluehost.me\/website_311ca753\/#organization\",\"name\":\"Cils Beauty\",\"url\":\"https:\/\/pad.gfa.mybluehost.me\/website_311ca753\/\",\"logo\":{\"@type\":\"ImageObject\",\"inLanguage\":\"fr-FR\",\"@id\":\"https:\/\/pad.gfa.mybluehost.me\/website_311ca753\/#\/schema\/logo\/image\/\",\"url\":\"https:\/\/cilsbeauty.com\/wp-content\/uploads\/2024\/09\/photo_2024-09-16-06.37.06.jpeg\",\"contentUrl\":\"https:\/\/cilsbeauty.com\/wp-content\/uploads\/2024\/09\/photo_2024-09-16-06.37.06.jpeg\",\"width\":300,\"height\":361,\"caption\":\"Cils Beauty\"},\"image\":{\"@id\":\"https:\/\/pad.gfa.mybluehost.me\/website_311ca753\/#\/schema\/logo\/image\/\"},\"sameAs\":[\"https:\/\/www.facebook.com\/profile.php\/?id=100010042720837&_rdr\"]}]}<\/script>\n<!-- \/ Yoast SEO plugin. -->","yoast_head_json":{"title":"Boutique - Cils Beauty","robots":{"index":"index","follow":"follow","max-snippet":"max-snippet:-1","max-image-preview":"max-image-preview:large","max-video-preview":"max-video-preview:-1"},"canonical":"https:\/\/cilsbeauty.com\/fr\/boutique\/","og_locale":"fr_FR","og_type":"article","og_title":"Boutique - Cils Beauty","og_description":"Products Our lash and beauty products are carefully selected to make your lash care easier. Currently, we do not ship and only pickup option from our studio in Laval, Quebec is available. Shipping options will be available soon, check back later.","og_url":"https:\/\/cilsbeauty.com\/fr\/boutique\/","og_site_name":"Cils Beauty","article_publisher":"https:\/\/www.facebook.com\/profile.php\/?id=100010042720837&_rdr","article_modified_time":"2024-11-13T12:08:57+00:00","twitter_card":"summary_large_image","schema":{"@context":"https:\/\/schema.org","@graph":[{"@type":"WebPage","@id":"https:\/\/cilsbeauty.com\/fr\/boutique\/","url":"https:\/\/cilsbeauty.com\/fr\/boutique\/","name":"Boutique - Cils Beauty","isPartOf":{"@id":"https:\/\/pad.gfa.mybluehost.me\/website_311ca753\/#website"},"datePublished":"2024-11-09T01:37:34+00:00","dateModified":"2024-11-13T12:08:57+00:00","breadcrumb":{"@id":"https:\/\/cilsbeauty.com\/fr\/boutique\/#breadcrumb"},"inLanguage":"fr-FR","potentialAction":[{"@type":"ReadAction","target":["https:\/\/cilsbeauty.com\/fr\/boutique\/"]}]},{"@type":"BreadcrumbList","@id":"https:\/\/cilsbeauty.com\/fr\/boutique\/#breadcrumb","itemListElement":[{"@type":"ListItem","position":1,"name":"Home","item":"https:\/\/cilsbeauty.com\/fr\/accueil\/"},{"@type":"ListItem","position":2,"name":"Boutique"}]},{"@type":"WebSite","@id":"https:\/\/pad.gfa.mybluehost.me\/website_311ca753\/#website","url":"https:\/\/pad.gfa.mybluehost.me\/website_311ca753\/","name":"Cils Beauty","description":"","publisher":{"@id":"https:\/\/pad.gfa.mybluehost.me\/website_311ca753\/#organization"},"potentialAction":[{"@type":"SearchAction","target":{"@type":"EntryPoint","urlTemplate":"https:\/\/pad.gfa.mybluehost.me\/website_311ca753\/?s={search_term_string}"},"query-input":{"@type":"PropertyValueSpecification","valueRequired":true,"valueName":"search_term_string"}}],"inLanguage":"fr-FR"},{"@type":"Organization","@id":"https:\/\/pad.gfa.mybluehost.me\/website_311ca753\/#organization","name":"Cils Beauty","url":"https:\/\/pad.gfa.mybluehost.me\/website_311ca753\/","logo":{"@type":"ImageObject","inLanguage":"fr-FR","@id":"https:\/\/pad.gfa.mybluehost.me\/website_311ca753\/#\/schema\/logo\/image\/","url":"https:\/\/cilsbeauty.com\/wp-content\/uploads\/2024\/09\/photo_2024-09-16-06.37.06.jpeg","contentUrl":"https:\/\/cilsbeauty.com\/wp-content\/uploads\/2024\/09\/photo_2024-09-16-06.37.06.jpeg","width":300,"height":361,"caption":"Cils Beauty"},"image":{"@id":"https:\/\/pad.gfa.mybluehost.me\/website_311ca753\/#\/schema\/logo\/image\/"},"sameAs":["https:\/\/www.facebook.com\/profile.php\/?id=100010042720837&_rdr"]}]}},"_links":{"self":[{"href":"https:\/\/cilsbeauty.com\/fr\/wp-json\/wp\/v2\/pages\/671","targetHints":{"allow":["GET"]}}],"collection":[{"href":"https:\/\/cilsbeauty.com\/fr\/wp-json\/wp\/v2\/pages"}],"about":[{"href":"https:\/\/cilsbeauty.com\/fr\/wp-json\/wp\/v2\/types\/page"}],"author":[{"embeddable":true,"href":"https:\/\/cilsbeauty.com\/fr\/wp-json\/wp\/v2\/users\/2"}],"replies":[{"embeddable":true,"href":"https:\/\/cilsbeauty.com\/fr\/wp-json\/wp\/v2\/comments?post=671"}],"version-history":[{"count":0,"href":"https:\/\/cilsbeauty.com\/fr\/wp-json\/wp\/v2\/pages\/671\/revisions"}],"wp:attachment":[{"href":"https:\/\/cilsbeauty.com\/fr\/wp-json\/wp\/v2\/media?parent=671"}],"curies":[{"name":"wp","href":"https:\/\/api.w.org\/{rel}","templated":true}]}}