{"id":798,"date":"2024-09-15T20:45:21","date_gmt":"2024-09-15T20:45:21","guid":{"rendered":"https:\/\/cilsbeauty.com\/a-propos-de-nous\/"},"modified":"2024-11-22T19:24:45","modified_gmt":"2024-11-22T19:24:45","slug":"a-propos-de-nous","status":"publish","type":"page","link":"https:\/\/cilsbeauty.com\/fr\/a-propos-de-nous\/","title":{"rendered":"A propos de nous"},"content":{"rendered":"\t\t<div data-elementor-type=\"wp-page\" data-elementor-id=\"798\" class=\"elementor elementor-798 elementor-52\" data-elementor-post-type=\"page\">\n\t\t\t\t<div class=\"elementor-element elementor-element-ada591b e-flex e-con-boxed e-con e-parent\" data-id=\"ada591b\" data-element_type=\"container\" data-e-type=\"container\" data-settings=\"{&quot;background_background&quot;:&quot;classic&quot;}\">\n\t\t\t\t\t<div class=\"e-con-inner\">\n\t\t\t\t<div class=\"elementor-element elementor-element-740ec9e elementor-widget elementor-widget-heading\" data-id=\"740ec9e\" data-element_type=\"widget\" data-e-type=\"widget\" data-widget_type=\"heading.default\">\n\t\t\t\t<div class=\"elementor-widget-container\">\n\t\t\t\t\t<h1 class=\"elementor-heading-title elementor-size-default\">A propos de nous<\/h1>\t\t\t\t<\/div>\n\t\t\t\t<\/div>\n\t\t\t\t\t<\/div>\n\t\t\t\t<\/div>\n\t\t<div class=\"elementor-element elementor-element-c97875e e-flex e-con-boxed e-con e-parent\" data-id=\"c97875e\" data-element_type=\"container\" data-e-type=\"container\">\n\t\t\t\t\t<div class=\"e-con-inner\">\n\t\t<div class=\"elementor-element elementor-element-a80725d e-con-full e-flex e-con e-child\" data-id=\"a80725d\" data-element_type=\"container\" data-e-type=\"container\">\n\t\t\t\t<div class=\"elementor-element elementor-element-f8ef20e elementor-widget elementor-widget-image\" data-id=\"f8ef20e\" data-element_type=\"widget\" data-e-type=\"widget\" data-widget_type=\"image.default\">\n\t\t\t\t<div class=\"elementor-widget-container\">\n\t\t\t\t\t\t\t\t\t\t\t\t\t\t\t<img decoding=\"async\" src=\"https:\/\/cilsbeauty.com\/wp-content\/plugins\/elementor\/assets\/images\/placeholder.png\" title=\"\" alt=\"\" loading=\"lazy\" \/>\t\t\t\t\t\t\t\t\t\t\t\t\t\t\t<\/div>\n\t\t\t\t<\/div>\n\t\t\t\t<\/div>\n\t\t<div class=\"elementor-element elementor-element-c317274 e-con-full e-flex e-con e-child\" data-id=\"c317274\" data-element_type=\"container\" data-e-type=\"container\">\n\t\t\t\t<div class=\"elementor-element elementor-element-9bb96ba elementor-widget elementor-widget-text-editor\" data-id=\"9bb96ba\" data-element_type=\"widget\" data-e-type=\"widget\" data-widget_type=\"text-editor.default\">\n\t\t\t\t<div class=\"elementor-widget-container\">\n\t\t\t\t\t\t\t\t\t<p>Chez Cils Beauty, nous nous engageons \u00e0 mettre en valeur la beaut\u00e9 naturelle gr\u00e2ce \u00e0 des extensions de cils expertes.<\/p>\n<p>Certifi\u00e9s en extensions de cils classiques depuis avril 2015 et reconnus comme membres de la prestigieuse APESEQ Lash Academy, nous sommes fiers de notre d\u00e9vouement \u00e0 l&rsquo;excellence. Notre certification et notre affiliation \u00e0 l&rsquo;APESEQ garantissent que nous respectons les normes les plus \u00e9lev\u00e9es de l&rsquo;industrie en mati\u00e8re de s\u00e9curit\u00e9, de technique et de professionnalisme.<\/p>\n<p>Pour rester \u00e0 la pointe des derni\u00e8res tendances et innovations, nous participons \u00e0 des formations annuelles afin d&rsquo;affiner nos comp\u00e9tences et d&rsquo;\u00e9largir nos connaissances. En plus de nos services, nous proposons des produits d&rsquo;extension de cils de haute qualit\u00e9, garantissant \u00e0 nos clients les meilleurs soins avec les meilleurs mat\u00e9riaux.<\/p>\n<p>Choisir Cils Beauty, c&rsquo;est choisir l&rsquo;expertise, la qualit\u00e9 et l&rsquo;engagement pour des r\u00e9sultats beaux et durables.<\/p>\n\t\t\t\t\t\t\t\t<\/div>\n\t\t\t\t<\/div>\n\t\t\t\t<\/div>\n\t\t\t\t\t<\/div>\n\t\t\t\t<\/div>\n\t\t<div class=\"elementor-element elementor-element-2a281f6 e-con-full e-flex e-con e-parent\" data-id=\"2a281f6\" data-element_type=\"container\" data-e-type=\"container\">\n\t\t<div class=\"elementor-element elementor-element-c69fe62 e-con-full e-flex e-con e-child\" data-id=\"c69fe62\" data-element_type=\"container\" data-e-type=\"container\">\n\t\t\t\t<div class=\"elementor-element elementor-element-e6f6b92 elementor-hidden-mobile elementor-widget elementor-widget-image\" data-id=\"e6f6b92\" data-element_type=\"widget\" data-e-type=\"widget\" data-widget_type=\"image.default\">\n\t\t\t\t<div class=\"elementor-widget-container\">\n\t\t\t\t\t\t\t\t\t\t\t\t\t\t\t<img fetchpriority=\"high\" decoding=\"async\" width=\"800\" height=\"533\" src=\"https:\/\/cilsbeauty.com\/wp-content\/uploads\/2024\/10\/lashes-3-1024x682.jpg\" class=\"attachment-large size-large wp-image-696\" alt=\"\" srcset=\"https:\/\/cilsbeauty.com\/wp-content\/uploads\/2024\/10\/lashes-3-1024x682.jpg 1024w, https:\/\/cilsbeauty.com\/wp-content\/uploads\/2024\/10\/lashes-3-300x200.jpg 300w, https:\/\/cilsbeauty.com\/wp-content\/uploads\/2024\/10\/lashes-3-768x512.jpg 768w, https:\/\/cilsbeauty.com\/wp-content\/uploads\/2024\/10\/lashes-3-1536x1024.jpg 1536w, https:\/\/cilsbeauty.com\/wp-content\/uploads\/2024\/10\/lashes-3-600x400.jpg 600w, https:\/\/cilsbeauty.com\/wp-content\/uploads\/2024\/10\/lashes-3.jpg 2000w\" sizes=\"(max-width: 800px) 100vw, 800px\" \/>\t\t\t\t\t\t\t\t\t\t\t\t\t\t\t<\/div>\n\t\t\t\t<\/div>\n\t\t\t\t<\/div>\n\t\t<div class=\"elementor-element elementor-element-0be8adb e-con-full e-flex e-con e-child\" data-id=\"0be8adb\" data-element_type=\"container\" data-e-type=\"container\">\n\t\t\t\t<div class=\"elementor-element elementor-element-cdd5182 elementor-widget elementor-widget-image\" data-id=\"cdd5182\" data-element_type=\"widget\" data-e-type=\"widget\" data-widget_type=\"image.default\">\n\t\t\t\t<div class=\"elementor-widget-container\">\n\t\t\t\t\t\t\t\t\t\t\t\t\t\t\t<img decoding=\"async\" width=\"800\" height=\"533\" src=\"https:\/\/cilsbeauty.com\/wp-content\/uploads\/2024\/09\/beauty-portrait-mystery-ginger-woman-with-long-hair-looking-away-while-holding-cosmetics-brush-Large-1024x682.jpeg\" class=\"attachment-large size-large wp-image-691\" alt=\"\" srcset=\"https:\/\/cilsbeauty.com\/wp-content\/uploads\/2024\/09\/beauty-portrait-mystery-ginger-woman-with-long-hair-looking-away-while-holding-cosmetics-brush-Large-1024x682.jpeg 1024w, https:\/\/cilsbeauty.com\/wp-content\/uploads\/2024\/09\/beauty-portrait-mystery-ginger-woman-with-long-hair-looking-away-while-holding-cosmetics-brush-Large-300x200.jpeg 300w, https:\/\/cilsbeauty.com\/wp-content\/uploads\/2024\/09\/beauty-portrait-mystery-ginger-woman-with-long-hair-looking-away-while-holding-cosmetics-brush-Large-768x512.jpeg 768w, https:\/\/cilsbeauty.com\/wp-content\/uploads\/2024\/09\/beauty-portrait-mystery-ginger-woman-with-long-hair-looking-away-while-holding-cosmetics-brush-Large-600x400.jpeg 600w, https:\/\/cilsbeauty.com\/wp-content\/uploads\/2024\/09\/beauty-portrait-mystery-ginger-woman-with-long-hair-looking-away-while-holding-cosmetics-brush-Large.jpeg 1280w\" sizes=\"(max-width: 800px) 100vw, 800px\" \/>\t\t\t\t\t\t\t\t\t\t\t\t\t\t\t<\/div>\n\t\t\t\t<\/div>\n\t\t\t\t<\/div>\n\t\t<div class=\"elementor-element elementor-element-9eebcc8 e-con-full e-flex e-con e-child\" data-id=\"9eebcc8\" data-element_type=\"container\" data-e-type=\"container\">\n\t\t\t\t<div class=\"elementor-element elementor-element-b47b719 elementor-hidden-mobile elementor-widget elementor-widget-image\" data-id=\"b47b719\" data-element_type=\"widget\" data-e-type=\"widget\" data-widget_type=\"image.default\">\n\t\t\t\t<div class=\"elementor-widget-container\">\n\t\t\t\t\t\t\t\t\t\t\t\t\t\t\t<img decoding=\"async\" width=\"800\" height=\"533\" src=\"https:\/\/cilsbeauty.com\/wp-content\/uploads\/2024\/10\/eye-patches-1024x682.jpg\" class=\"attachment-large size-large wp-image-695\" alt=\"\" srcset=\"https:\/\/cilsbeauty.com\/wp-content\/uploads\/2024\/10\/eye-patches-1024x682.jpg 1024w, https:\/\/cilsbeauty.com\/wp-content\/uploads\/2024\/10\/eye-patches-300x200.jpg 300w, https:\/\/cilsbeauty.com\/wp-content\/uploads\/2024\/10\/eye-patches-768x512.jpg 768w, https:\/\/cilsbeauty.com\/wp-content\/uploads\/2024\/10\/eye-patches-1536x1024.jpg 1536w, https:\/\/cilsbeauty.com\/wp-content\/uploads\/2024\/10\/eye-patches-600x400.jpg 600w, https:\/\/cilsbeauty.com\/wp-content\/uploads\/2024\/10\/eye-patches.jpg 2000w\" sizes=\"(max-width: 800px) 100vw, 800px\" \/>\t\t\t\t\t\t\t\t\t\t\t\t\t\t\t<\/div>\n\t\t\t\t<\/div>\n\t\t\t\t<\/div>\n\t\t<div class=\"elementor-element elementor-element-564a091 e-con-full e-flex e-con e-child\" data-id=\"564a091\" data-element_type=\"container\" data-e-type=\"container\">\n\t\t\t\t<div class=\"elementor-element elementor-element-879d7cb elementor-hidden-mobile elementor-widget elementor-widget-image\" data-id=\"879d7cb\" data-element_type=\"widget\" data-e-type=\"widget\" data-widget_type=\"image.default\">\n\t\t\t\t<div class=\"elementor-widget-container\">\n\t\t\t\t\t\t\t\t\t\t\t\t\t\t\t<img loading=\"lazy\" decoding=\"async\" width=\"800\" height=\"533\" src=\"https:\/\/cilsbeauty.com\/wp-content\/uploads\/2024\/10\/beautiful-woman-with-blue-eyes-1024x682.jpg\" class=\"attachment-large size-large wp-image-694\" alt=\"\" srcset=\"https:\/\/cilsbeauty.com\/wp-content\/uploads\/2024\/10\/beautiful-woman-with-blue-eyes-1024x682.jpg 1024w, https:\/\/cilsbeauty.com\/wp-content\/uploads\/2024\/10\/beautiful-woman-with-blue-eyes-300x200.jpg 300w, https:\/\/cilsbeauty.com\/wp-content\/uploads\/2024\/10\/beautiful-woman-with-blue-eyes-768x512.jpg 768w, https:\/\/cilsbeauty.com\/wp-content\/uploads\/2024\/10\/beautiful-woman-with-blue-eyes-1536x1024.jpg 1536w, https:\/\/cilsbeauty.com\/wp-content\/uploads\/2024\/10\/beautiful-woman-with-blue-eyes-600x400.jpg 600w, https:\/\/cilsbeauty.com\/wp-content\/uploads\/2024\/10\/beautiful-woman-with-blue-eyes.jpg 2000w\" sizes=\"(max-width: 800px) 100vw, 800px\" \/>\t\t\t\t\t\t\t\t\t\t\t\t\t\t\t<\/div>\n\t\t\t\t<\/div>\n\t\t\t\t<\/div>\n\t\t\t\t<\/div>\n\t\t\t\t<\/div>\n\t\t","protected":false},"excerpt":{"rendered":"<p>A propos de nous Chez Cils Beauty, nous nous engageons \u00e0 mettre en valeur la beaut\u00e9 naturelle gr\u00e2ce \u00e0 des extensions de cils expertes. Certifi\u00e9s en extensions de cils classiques depuis avril 2015 et reconnus comme membres de la prestigieuse APESEQ Lash Academy, nous sommes fiers de notre d\u00e9vouement \u00e0 l&rsquo;excellence. Notre certification et notre [&hellip;]<\/p>\n","protected":false},"author":2,"featured_media":0,"parent":0,"menu_order":0,"comment_status":"closed","ping_status":"closed","template":"","meta":{"footnotes":""},"class_list":["post-798","page","type-page","status-publish","hentry"],"featured_image_src":null,"yoast_head":"<!-- This site is optimized with the Yoast SEO plugin v27.2 - https:\/\/yoast.com\/product\/yoast-seo-wordpress\/ -->\n<title>A propos de nous - Cils Beauty<\/title>\n<meta name=\"robots\" content=\"index, follow, max-snippet:-1, max-image-preview:large, max-video-preview:-1\" \/>\n<link rel=\"canonical\" href=\"https:\/\/cilsbeauty.com\/fr\/a-propos-de-nous\/\" \/>\n<meta property=\"og:locale\" content=\"fr_FR\" \/>\n<meta property=\"og:type\" content=\"article\" \/>\n<meta property=\"og:title\" content=\"A propos de nous - Cils Beauty\" \/>\n<meta property=\"og:description\" content=\"A propos de nous Chez Cils Beauty, nous nous engageons \u00e0 mettre en valeur la beaut\u00e9 naturelle gr\u00e2ce \u00e0 des extensions de cils expertes. Certifi\u00e9s en extensions de cils classiques depuis avril 2015 et reconnus comme membres de la prestigieuse APESEQ Lash Academy, nous sommes fiers de notre d\u00e9vouement \u00e0 l&rsquo;excellence. Notre certification et notre [&hellip;]\" \/>\n<meta property=\"og:url\" content=\"https:\/\/cilsbeauty.com\/fr\/a-propos-de-nous\/\" \/>\n<meta property=\"og:site_name\" content=\"Cils Beauty\" \/>\n<meta property=\"article:publisher\" content=\"https:\/\/www.facebook.com\/profile.php\/?id=100010042720837&amp;_rdr\" \/>\n<meta property=\"article:modified_time\" content=\"2024-11-22T19:24:45+00:00\" \/>\n<meta property=\"og:image\" content=\"https:\/\/cilsbeauty.com\/wp-content\/plugins\/elementor\/assets\/images\/placeholder.png\" \/>\n<meta name=\"twitter:card\" content=\"summary_large_image\" \/>\n<meta name=\"twitter:label1\" content=\"Dur\u00e9e de lecture estim\u00e9e\" \/>\n\t<meta name=\"twitter:data1\" content=\"1 minute\" \/>\n<script type=\"application\/ld+json\" class=\"yoast-schema-graph\">{\"@context\":\"https:\/\/schema.org\",\"@graph\":[{\"@type\":\"WebPage\",\"@id\":\"https:\/\/cilsbeauty.com\/fr\/a-propos-de-nous\/\",\"url\":\"https:\/\/cilsbeauty.com\/fr\/a-propos-de-nous\/\",\"name\":\"A propos de nous - Cils Beauty\",\"isPartOf\":{\"@id\":\"https:\/\/pad.gfa.mybluehost.me\/website_311ca753\/#website\"},\"primaryImageOfPage\":{\"@id\":\"https:\/\/cilsbeauty.com\/fr\/a-propos-de-nous\/#primaryimage\"},\"image\":{\"@id\":\"https:\/\/cilsbeauty.com\/fr\/a-propos-de-nous\/#primaryimage\"},\"thumbnailUrl\":\"https:\/\/cilsbeauty.com\/wp-content\/plugins\/elementor\/assets\/images\/placeholder.png\",\"datePublished\":\"2024-09-15T20:45:21+00:00\",\"dateModified\":\"2024-11-22T19:24:45+00:00\",\"breadcrumb\":{\"@id\":\"https:\/\/cilsbeauty.com\/fr\/a-propos-de-nous\/#breadcrumb\"},\"inLanguage\":\"fr-FR\",\"potentialAction\":[{\"@type\":\"ReadAction\",\"target\":[\"https:\/\/cilsbeauty.com\/fr\/a-propos-de-nous\/\"]}]},{\"@type\":\"ImageObject\",\"inLanguage\":\"fr-FR\",\"@id\":\"https:\/\/cilsbeauty.com\/fr\/a-propos-de-nous\/#primaryimage\",\"url\":\"https:\/\/cilsbeauty.com\/wp-content\/plugins\/elementor\/assets\/images\/placeholder.png\",\"contentUrl\":\"https:\/\/cilsbeauty.com\/wp-content\/plugins\/elementor\/assets\/images\/placeholder.png\"},{\"@type\":\"BreadcrumbList\",\"@id\":\"https:\/\/cilsbeauty.com\/fr\/a-propos-de-nous\/#breadcrumb\",\"itemListElement\":[{\"@type\":\"ListItem\",\"position\":1,\"name\":\"Home\",\"item\":\"https:\/\/cilsbeauty.com\/fr\/accueil\/\"},{\"@type\":\"ListItem\",\"position\":2,\"name\":\"A propos de nous\"}]},{\"@type\":\"WebSite\",\"@id\":\"https:\/\/pad.gfa.mybluehost.me\/website_311ca753\/#website\",\"url\":\"https:\/\/pad.gfa.mybluehost.me\/website_311ca753\/\",\"name\":\"Cils Beauty\",\"description\":\"\",\"publisher\":{\"@id\":\"https:\/\/pad.gfa.mybluehost.me\/website_311ca753\/#organization\"},\"potentialAction\":[{\"@type\":\"SearchAction\",\"target\":{\"@type\":\"EntryPoint\",\"urlTemplate\":\"https:\/\/pad.gfa.mybluehost.me\/website_311ca753\/?s={search_term_string}\"},\"query-input\":{\"@type\":\"PropertyValueSpecification\",\"valueRequired\":true,\"valueName\":\"search_term_string\"}}],\"inLanguage\":\"fr-FR\"},{\"@type\":\"Organization\",\"@id\":\"https:\/\/pad.gfa.mybluehost.me\/website_311ca753\/#organization\",\"name\":\"Cils Beauty\",\"url\":\"https:\/\/pad.gfa.mybluehost.me\/website_311ca753\/\",\"logo\":{\"@type\":\"ImageObject\",\"inLanguage\":\"fr-FR\",\"@id\":\"https:\/\/pad.gfa.mybluehost.me\/website_311ca753\/#\/schema\/logo\/image\/\",\"url\":\"https:\/\/cilsbeauty.com\/wp-content\/uploads\/2024\/09\/photo_2024-09-16-06.37.06.jpeg\",\"contentUrl\":\"https:\/\/cilsbeauty.com\/wp-content\/uploads\/2024\/09\/photo_2024-09-16-06.37.06.jpeg\",\"width\":300,\"height\":361,\"caption\":\"Cils Beauty\"},\"image\":{\"@id\":\"https:\/\/pad.gfa.mybluehost.me\/website_311ca753\/#\/schema\/logo\/image\/\"},\"sameAs\":[\"https:\/\/www.facebook.com\/profile.php\/?id=100010042720837&_rdr\"]}]}<\/script>\n<!-- \/ Yoast SEO plugin. -->","yoast_head_json":{"title":"A propos de nous - Cils Beauty","robots":{"index":"index","follow":"follow","max-snippet":"max-snippet:-1","max-image-preview":"max-image-preview:large","max-video-preview":"max-video-preview:-1"},"canonical":"https:\/\/cilsbeauty.com\/fr\/a-propos-de-nous\/","og_locale":"fr_FR","og_type":"article","og_title":"A propos de nous - Cils Beauty","og_description":"A propos de nous Chez Cils Beauty, nous nous engageons \u00e0 mettre en valeur la beaut\u00e9 naturelle gr\u00e2ce \u00e0 des extensions de cils expertes. Certifi\u00e9s en extensions de cils classiques depuis avril 2015 et reconnus comme membres de la prestigieuse APESEQ Lash Academy, nous sommes fiers de notre d\u00e9vouement \u00e0 l&rsquo;excellence. Notre certification et notre [&hellip;]","og_url":"https:\/\/cilsbeauty.com\/fr\/a-propos-de-nous\/","og_site_name":"Cils Beauty","article_publisher":"https:\/\/www.facebook.com\/profile.php\/?id=100010042720837&_rdr","article_modified_time":"2024-11-22T19:24:45+00:00","og_image":[{"url":"https:\/\/cilsbeauty.com\/wp-content\/plugins\/elementor\/assets\/images\/placeholder.png","type":"","width":"","height":""}],"twitter_card":"summary_large_image","twitter_misc":{"Dur\u00e9e de lecture estim\u00e9e":"1 minute"},"schema":{"@context":"https:\/\/schema.org","@graph":[{"@type":"WebPage","@id":"https:\/\/cilsbeauty.com\/fr\/a-propos-de-nous\/","url":"https:\/\/cilsbeauty.com\/fr\/a-propos-de-nous\/","name":"A propos de nous - Cils Beauty","isPartOf":{"@id":"https:\/\/pad.gfa.mybluehost.me\/website_311ca753\/#website"},"primaryImageOfPage":{"@id":"https:\/\/cilsbeauty.com\/fr\/a-propos-de-nous\/#primaryimage"},"image":{"@id":"https:\/\/cilsbeauty.com\/fr\/a-propos-de-nous\/#primaryimage"},"thumbnailUrl":"https:\/\/cilsbeauty.com\/wp-content\/plugins\/elementor\/assets\/images\/placeholder.png","datePublished":"2024-09-15T20:45:21+00:00","dateModified":"2024-11-22T19:24:45+00:00","breadcrumb":{"@id":"https:\/\/cilsbeauty.com\/fr\/a-propos-de-nous\/#breadcrumb"},"inLanguage":"fr-FR","potentialAction":[{"@type":"ReadAction","target":["https:\/\/cilsbeauty.com\/fr\/a-propos-de-nous\/"]}]},{"@type":"ImageObject","inLanguage":"fr-FR","@id":"https:\/\/cilsbeauty.com\/fr\/a-propos-de-nous\/#primaryimage","url":"https:\/\/cilsbeauty.com\/wp-content\/plugins\/elementor\/assets\/images\/placeholder.png","contentUrl":"https:\/\/cilsbeauty.com\/wp-content\/plugins\/elementor\/assets\/images\/placeholder.png"},{"@type":"BreadcrumbList","@id":"https:\/\/cilsbeauty.com\/fr\/a-propos-de-nous\/#breadcrumb","itemListElement":[{"@type":"ListItem","position":1,"name":"Home","item":"https:\/\/cilsbeauty.com\/fr\/accueil\/"},{"@type":"ListItem","position":2,"name":"A propos de nous"}]},{"@type":"WebSite","@id":"https:\/\/pad.gfa.mybluehost.me\/website_311ca753\/#website","url":"https:\/\/pad.gfa.mybluehost.me\/website_311ca753\/","name":"Cils Beauty","description":"","publisher":{"@id":"https:\/\/pad.gfa.mybluehost.me\/website_311ca753\/#organization"},"potentialAction":[{"@type":"SearchAction","target":{"@type":"EntryPoint","urlTemplate":"https:\/\/pad.gfa.mybluehost.me\/website_311ca753\/?s={search_term_string}"},"query-input":{"@type":"PropertyValueSpecification","valueRequired":true,"valueName":"search_term_string"}}],"inLanguage":"fr-FR"},{"@type":"Organization","@id":"https:\/\/pad.gfa.mybluehost.me\/website_311ca753\/#organization","name":"Cils Beauty","url":"https:\/\/pad.gfa.mybluehost.me\/website_311ca753\/","logo":{"@type":"ImageObject","inLanguage":"fr-FR","@id":"https:\/\/pad.gfa.mybluehost.me\/website_311ca753\/#\/schema\/logo\/image\/","url":"https:\/\/cilsbeauty.com\/wp-content\/uploads\/2024\/09\/photo_2024-09-16-06.37.06.jpeg","contentUrl":"https:\/\/cilsbeauty.com\/wp-content\/uploads\/2024\/09\/photo_2024-09-16-06.37.06.jpeg","width":300,"height":361,"caption":"Cils Beauty"},"image":{"@id":"https:\/\/pad.gfa.mybluehost.me\/website_311ca753\/#\/schema\/logo\/image\/"},"sameAs":["https:\/\/www.facebook.com\/profile.php\/?id=100010042720837&_rdr"]}]}},"_links":{"self":[{"href":"https:\/\/cilsbeauty.com\/fr\/wp-json\/wp\/v2\/pages\/798","targetHints":{"allow":["GET"]}}],"collection":[{"href":"https:\/\/cilsbeauty.com\/fr\/wp-json\/wp\/v2\/pages"}],"about":[{"href":"https:\/\/cilsbeauty.com\/fr\/wp-json\/wp\/v2\/types\/page"}],"author":[{"embeddable":true,"href":"https:\/\/cilsbeauty.com\/fr\/wp-json\/wp\/v2\/users\/2"}],"replies":[{"embeddable":true,"href":"https:\/\/cilsbeauty.com\/fr\/wp-json\/wp\/v2\/comments?post=798"}],"version-history":[{"count":1,"href":"https:\/\/cilsbeauty.com\/fr\/wp-json\/wp\/v2\/pages\/798\/revisions"}],"predecessor-version":[{"id":799,"href":"https:\/\/cilsbeauty.com\/fr\/wp-json\/wp\/v2\/pages\/798\/revisions\/799"}],"wp:attachment":[{"href":"https:\/\/cilsbeauty.com\/fr\/wp-json\/wp\/v2\/media?parent=798"}],"curies":[{"name":"wp","href":"https:\/\/api.w.org\/{rel}","templated":true}]}}