{"id":806,"date":"2024-10-11T16:46:06","date_gmt":"2024-10-11T16:46:06","guid":{"rendered":"https:\/\/cilsbeauty.com\/services\/"},"modified":"2026-03-16T00:04:53","modified_gmt":"2026-03-16T00:04:53","slug":"services","status":"publish","type":"page","link":"https:\/\/cilsbeauty.com\/fr\/services\/","title":{"rendered":"Services"},"content":{"rendered":"\t\t<div data-elementor-type=\"wp-page\" data-elementor-id=\"806\" class=\"elementor elementor-806 elementor-390\" data-elementor-post-type=\"page\">\n\t\t\t\t<div class=\"elementor-element elementor-element-2d5bed7 e-flex e-con-boxed e-con e-parent\" data-id=\"2d5bed7\" data-element_type=\"container\" data-e-type=\"container\" data-settings=\"{&quot;background_background&quot;:&quot;classic&quot;}\">\n\t\t\t\t\t<div class=\"e-con-inner\">\n\t\t\t\t<div class=\"elementor-element elementor-element-93cb80a elementor-widget elementor-widget-heading\" data-id=\"93cb80a\" data-element_type=\"widget\" data-e-type=\"widget\" data-widget_type=\"heading.default\">\n\t\t\t\t<div class=\"elementor-widget-container\">\n\t\t\t\t\t<h2 class=\"elementor-heading-title elementor-size-default\">Service d'extension de cils<\/h2>\t\t\t\t<\/div>\n\t\t\t\t<\/div>\n\t\t\t\t\t<\/div>\n\t\t\t\t<\/div>\n\t\t<div class=\"elementor-element elementor-element-6fa2905 e-flex e-con-boxed e-con e-parent\" data-id=\"6fa2905\" data-element_type=\"container\" data-e-type=\"container\">\n\t\t\t\t\t<div class=\"e-con-inner\">\n\t\t<div class=\"elementor-element elementor-element-184b3d9 e-con-full e-flex e-con e-child\" data-id=\"184b3d9\" data-element_type=\"container\" data-e-type=\"container\">\n\t\t<div class=\"elementor-element elementor-element-b05b091 e-con-full e-flex e-con e-child\" data-id=\"b05b091\" data-element_type=\"container\" data-e-type=\"container\">\n\t\t\t\t<div class=\"elementor-element elementor-element-12abf64 elementor-widget elementor-widget-image\" data-id=\"12abf64\" data-element_type=\"widget\" data-e-type=\"widget\" data-widget_type=\"image.default\">\n\t\t\t\t<div class=\"elementor-widget-container\">\n\t\t\t\t\t\t\t\t\t\t\t\t\t\t\t<img fetchpriority=\"high\" decoding=\"async\" width=\"460\" height=\"306\" src=\"https:\/\/cilsbeauty.com\/wp-content\/uploads\/2024\/10\/image4.jpg\" class=\"attachment-large size-large wp-image-714\" alt=\"\" srcset=\"https:\/\/cilsbeauty.com\/wp-content\/uploads\/2024\/10\/image4.jpg 460w, https:\/\/cilsbeauty.com\/wp-content\/uploads\/2024\/10\/image4-300x200.jpg 300w\" sizes=\"(max-width: 460px) 100vw, 460px\" \/>\t\t\t\t\t\t\t\t\t\t\t\t\t\t\t<\/div>\n\t\t\t\t<\/div>\n\t\t\t\t<div class=\"elementor-element elementor-element-0e99f95 elementor-widget elementor-widget-text-editor\" data-id=\"0e99f95\" data-element_type=\"widget\" data-e-type=\"widget\" data-widget_type=\"text-editor.default\">\n\t\t\t\t<div class=\"elementor-widget-container\">\n\t\t\t\t\t\t\t\t\t<p>D\u00e9couvrez des cils plus longs, plus fournis, plus fonc\u00e9s et plus relev\u00e9s !  <\/p>\t\t\t\t\t\t\t\t<\/div>\n\t\t\t\t<\/div>\n\t\t\t\t<\/div>\n\t\t\t\t<div class=\"elementor-element elementor-element-ecdf5d9 elementor-widget elementor-widget-text-editor\" data-id=\"ecdf5d9\" data-element_type=\"widget\" data-e-type=\"widget\" data-widget_type=\"text-editor.default\">\n\t\t\t\t<div class=\"elementor-widget-container\">\n\t\t\t\t\t\t\t\t\t<p><span class=\"BZ_Pyq_fadeIn\">Si  <\/span><span class=\"BZ_Pyq_fadeIn\">vous  <\/span><span class=\"BZ_Pyq_fadeIn\">pr\u00e9f\u00e9rer  <\/span><span class=\"BZ_Pyq_fadeIn\">a  <\/span><span class=\"BZ_Pyq_fadeIn\">doux  <\/span><span class=\"BZ_Pyq_fadeIn\">et  <\/span><span class=\"BZ_Pyq_fadeIn\">naturel  <\/span><span class=\"BZ_Pyq_fadeIn\">regarder  <\/span><span class=\"BZ_Pyq_fadeIn\">ou  <\/span><span class=\"BZ_Pyq_fadeIn\">dramatique  <\/span><span class=\"BZ_Pyq_fadeIn\">volume,  <\/span><span class=\"BZ_Pyq_fadeIn\">nous  <\/span><span class=\"BZ_Pyq_fadeIn\">offrir  <\/span><span class=\"BZ_Pyq_fadeIn\">personnalis\u00e9  <\/span><span class=\"BZ_Pyq_fadeIn\">techniques  <\/span><span class=\"BZ_Pyq_fadeIn\">y compris  <\/span><strong data-start=\"899\" data-end=\"950\"><span class=\"BZ_Pyq_fadeIn\">Classique, <\/span><span class=\"BZ_Pyq_fadeIn\">Hybride, <\/span><span class=\"BZ_Pyq_fadeIn\">Volume, <\/span><span class=\"BZ_Pyq_fadeIn\">et <\/span><span class=\"BZ_Pyq_fadeIn\">M\u00e9ga <\/span><span class=\"BZ_Pyq_fadeIn\">Volume <\/span><span class=\"BZ_Pyq_fadeIn\">cils<\/span><\/strong><span class=\"BZ_Pyq_fadeIn\">.<\/span><\/p><p>S\u00fbres et confortables, les extensions de cils de Cils Beauty ne sont jamais appliqu\u00e9es directement sur votre peau ou votre paupi\u00e8re. Avec des recharges de routine toutes les deux ou trois semaines, vous pouvez avoir des cils \u00e9tonnants ind\u00e9finiment.<\/p><p><span class=\"BZ_Pyq_fadeIn\">Chaque  <\/span><span class=\"BZ_Pyq_fadeIn\">service  <\/span><span class=\"BZ_Pyq_fadeIn\">est  <\/span><span class=\"BZ_Pyq_fadeIn\">avec soin  <\/span><span class=\"BZ_Pyq_fadeIn\">r\u00e9alis\u00e9  <\/span><span class=\"BZ_Pyq_fadeIn\">par  <\/span><span class=\"BZ_Pyq_fadeIn\">isolant  <\/span><span class=\"BZ_Pyq_fadeIn\">votre  <\/span><span class=\"BZ_Pyq_fadeIn\">naturel  <\/span><span class=\"BZ_Pyq_fadeIn\">cils  <\/span><span class=\"BZ_Pyq_fadeIn\">et  <\/span><span class=\"BZ_Pyq_fadeIn\">appliquant  <\/span><span class=\"BZ_Pyq_fadeIn\">l\u00e9ger  <\/span><span class=\"BZ_Pyq_fadeIn\">extensions  <\/span><span class=\"BZ_Pyq_fadeIn\">que  <\/span><span class=\"BZ_Pyq_fadeIn\">sont  <\/span><span class=\"BZ_Pyq_fadeIn\">s\u00fbr,  <\/span><span class=\"BZ_Pyq_fadeIn\">confortable,  <\/span><span class=\"BZ_Pyq_fadeIn\">et  <\/span><span class=\"BZ_Pyq_fadeIn\">long-<\/span><span class=\"BZ_Pyq_fadeIn\">durable.  <\/span>La pose d&rsquo;extensions de cils Cils Beauty est indolore, merveilleusement relaxante et rajeunissante.<\/p><p><span class=\"BZ_Pyq_fadeIn\">Tous les  <\/span><span class=\"BZ_Pyq_fadeIn\">rendez-vous  <\/span><span class=\"BZ_Pyq_fadeIn\">commence  <\/span><span class=\"BZ_Pyq_fadeIn\">avec  <\/span><span class=\"BZ_Pyq_fadeIn\">a  <\/span><span class=\"BZ_Pyq_fadeIn\">consultation  <\/span><span class=\"BZ_Pyq_fadeIn\">donc  <\/span><span class=\"BZ_Pyq_fadeIn\">nous  <\/span><span class=\"BZ_Pyq_fadeIn\">peut  <\/span><span class=\"BZ_Pyq_fadeIn\">conception  <\/span><span class=\"BZ_Pyq_fadeIn\">les  <\/span><span class=\"BZ_Pyq_fadeIn\">parfait  <\/span><span class=\"BZ_Pyq_fadeIn\">cil  <\/span><span class=\"BZ_Pyq_fadeIn\">fixer  <\/span><span class=\"BZ_Pyq_fadeIn\">pour  <\/span><span class=\"BZ_Pyq_fadeIn\">vous &#8211;  <\/span><span class=\"BZ_Pyq_fadeIn\">de  <\/span><span class=\"BZ_Pyq_fadeIn\">subtil  <\/span><span class=\"BZ_Pyq_fadeIn\">tous les jours  <\/span><span class=\"BZ_Pyq_fadeIn\">l&rsquo;\u00e9l\u00e9gance  <\/span><span class=\"BZ_Pyq_fadeIn\">\u00e0  <\/span><span class=\"BZ_Pyq_fadeIn\">audacieux,  <\/span><span class=\"BZ_Pyq_fadeIn\">glamour  <\/span><span class=\"BZ_Pyq_fadeIn\">volume.<\/span><\/p>\t\t\t\t\t\t\t\t<\/div>\n\t\t\t\t<\/div>\n\t\t<div class=\"elementor-element elementor-element-8d0c321 e-con-full e-flex e-con e-child\" data-id=\"8d0c321\" data-element_type=\"container\" data-e-type=\"container\" data-settings=\"{&quot;background_background&quot;:&quot;classic&quot;}\">\n\t\t<div class=\"elementor-element elementor-element-f4ca245 e-con-full e-flex e-con e-child\" data-id=\"f4ca245\" data-element_type=\"container\" data-e-type=\"container\">\n\t\t<div class=\"elementor-element elementor-element-1f45f2e e-con-full e-flex e-con e-child\" data-id=\"1f45f2e\" data-element_type=\"container\" data-e-type=\"container\">\n\t\t\t\t<div class=\"elementor-element elementor-element-fc0e4ad elementor-widget__width-initial elementor-widget elementor-widget-heading\" data-id=\"fc0e4ad\" data-element_type=\"widget\" data-e-type=\"widget\" data-widget_type=\"heading.default\">\n\t\t\t\t<div class=\"elementor-widget-container\">\n\t\t\t\t\t<h2 class=\"elementor-heading-title elementor-size-default\">Pr\u00eat pour des cils parfaits ?<\/h2>\t\t\t\t<\/div>\n\t\t\t\t<\/div>\n\t\t\t\t<div class=\"elementor-element elementor-element-3ba1c2b elementor-widget__width-initial elementor-widget elementor-widget-heading\" data-id=\"3ba1c2b\" data-element_type=\"widget\" data-e-type=\"widget\" data-widget_type=\"heading.default\">\n\t\t\t\t<div class=\"elementor-widget-container\">\n\t\t\t\t\t<h2 class=\"elementor-heading-title elementor-size-default\">D\u00e9couvrez des cils plus longs, <br>plus volumineux, plus fonc\u00e9s, <br>et plus relev\u00e9s !<\/h2>\t\t\t\t<\/div>\n\t\t\t\t<\/div>\n\t\t\t\t<\/div>\n\t\t\t\t<\/div>\n\t\t<div class=\"elementor-element elementor-element-8e187e5 e-con-full e-flex e-con e-child\" data-id=\"8e187e5\" data-element_type=\"container\" data-e-type=\"container\">\n\t\t\t\t<div class=\"elementor-element elementor-element-fcb57c1 elementor-align-left elementor-widget elementor-widget-button\" data-id=\"fcb57c1\" data-element_type=\"widget\" data-e-type=\"widget\" data-widget_type=\"button.default\">\n\t\t\t\t<div class=\"elementor-widget-container\">\n\t\t\t\t\t\t\t\t\t<div class=\"elementor-button-wrapper\">\n\t\t\t\t\t<a class=\"elementor-button elementor-button-link elementor-size-sm\" href=\"https:\/\/cilsbeauty.com\/fr\/prendre-rendez-vous\/\">\n\t\t\t\t\t\t<span class=\"elementor-button-content-wrapper\">\n\t\t\t\t\t\t\t\t\t<span class=\"elementor-button-text\">R\u00e9servez d\u00e8s maintenant<\/span>\n\t\t\t\t\t<\/span>\n\t\t\t\t\t<\/a>\n\t\t\t\t<\/div>\n\t\t\t\t\t\t\t\t<\/div>\n\t\t\t\t<\/div>\n\t\t\t\t<\/div>\n\t\t\t\t<\/div>\n\t\t\t\t<\/div>\n\t\t\t\t<div class=\"elementor-element elementor-element-867074c elementor-widget-divider--view-line elementor-widget elementor-widget-divider\" data-id=\"867074c\" data-element_type=\"widget\" data-e-type=\"widget\" data-widget_type=\"divider.default\">\n\t\t\t\t<div class=\"elementor-widget-container\">\n\t\t\t\t\t\t\t<div class=\"elementor-divider\">\n\t\t\t<span class=\"elementor-divider-separator\">\n\t\t\t\t\t\t<\/span>\n\t\t<\/div>\n\t\t\t\t\t\t<\/div>\n\t\t\t\t<\/div>\n\t\t\t\t\t<\/div>\n\t\t\t\t<\/div>\n\t\t<div class=\"elementor-element elementor-element-5f13c28 e-flex e-con-boxed e-con e-parent\" data-id=\"5f13c28\" data-element_type=\"container\" data-e-type=\"container\">\n\t\t\t\t\t<div class=\"e-con-inner\">\n\t\t\t\t<div class=\"elementor-element elementor-element-4511a48 elementor-position-inline-start elementor-view-default elementor-mobile-position-block-start elementor-widget elementor-widget-icon-box\" data-id=\"4511a48\" data-element_type=\"widget\" data-e-type=\"widget\" data-widget_type=\"icon-box.default\">\n\t\t\t\t<div class=\"elementor-widget-container\">\n\t\t\t\t\t\t\t<div class=\"elementor-icon-box-wrapper\">\n\n\t\t\t\t\t\t<div class=\"elementor-icon-box-icon\">\n\t\t\t\t<span  class=\"elementor-icon\">\n\t\t\t\t<svg aria-hidden=\"true\" class=\"e-font-icon-svg e-fas-info\" viewBox=\"0 0 192 512\" xmlns=\"http:\/\/www.w3.org\/2000\/svg\"><path d=\"M20 424.229h20V279.771H20c-11.046 0-20-8.954-20-20V212c0-11.046 8.954-20 20-20h112c11.046 0 20 8.954 20 20v212.229h20c11.046 0 20 8.954 20 20V492c0 11.046-8.954 20-20 20H20c-11.046 0-20-8.954-20-20v-47.771c0-11.046 8.954-20 20-20zM96 0C56.235 0 24 32.235 24 72s32.235 72 72 72 72-32.235 72-72S135.764 0 96 0z\"><\/path><\/svg>\t\t\t\t<\/span>\n\t\t\t<\/div>\n\t\t\t\n\t\t\t\t\t\t<div class=\"elementor-icon-box-content\">\n\n\t\t\t\t\t\t\t\t\t<h3 class=\"elementor-icon-box-title\">\n\t\t\t\t\t\t<span  >\n\t\t\t\t\t\t\tInformations importantes\t\t\t\t\t\t<\/span>\n\t\t\t\t\t<\/h3>\n\t\t\t\t\n\t\t\t\t\t\t\t\t\t<p class=\"elementor-icon-box-description\">\n\t\t\t\t\t\tAu moment de choisir le service d'extension de cils qui vous convient le mieux, n'oubliez pas que les extensions de cils n\u00e9cessitent un suivi pour que vos yeux soient heureux, en bonne sant\u00e9 et que les extensions de cils durent le plus longtemps possible !\t\t\t\t\t<\/p>\n\t\t\t\t\n\t\t\t<\/div>\n\t\t\t\n\t\t<\/div>\n\t\t\t\t\t\t<\/div>\n\t\t\t\t<\/div>\n\t\t\t\t\t<\/div>\n\t\t\t\t<\/div>\n\t\t\t\t<\/div>\n\t\t","protected":false},"excerpt":{"rendered":"<p>Service d&rsquo;extension de cils D\u00e9couvrez des cils plus longs, plus fournis, plus fonc\u00e9s et plus relev\u00e9s ! Si vous pr\u00e9f\u00e9rer a doux et naturel regarder ou dramatique volume, nous offrir personnalis\u00e9 techniques y compris Classique, Hybride, Volume, et M\u00e9ga Volume cils. S\u00fbres et confortables, les extensions de cils de Cils Beauty ne sont jamais appliqu\u00e9es [&hellip;]<\/p>\n","protected":false},"author":2,"featured_media":0,"parent":0,"menu_order":0,"comment_status":"closed","ping_status":"closed","template":"","meta":{"footnotes":""},"class_list":["post-806","page","type-page","status-publish","hentry"],"featured_image_src":null,"yoast_head":"<!-- This site is optimized with the Yoast SEO plugin v27.2 - https:\/\/yoast.com\/product\/yoast-seo-wordpress\/ -->\n<title>Services - Cils Beauty<\/title>\n<meta name=\"robots\" content=\"index, follow, max-snippet:-1, max-image-preview:large, max-video-preview:-1\" \/>\n<link rel=\"canonical\" href=\"https:\/\/cilsbeauty.com\/fr\/services\/\" \/>\n<meta property=\"og:locale\" content=\"fr_FR\" \/>\n<meta property=\"og:type\" content=\"article\" \/>\n<meta property=\"og:title\" content=\"Services - Cils Beauty\" \/>\n<meta property=\"og:description\" content=\"Service d&rsquo;extension de cils D\u00e9couvrez des cils plus longs, plus fournis, plus fonc\u00e9s et plus relev\u00e9s ! Si vous pr\u00e9f\u00e9rer a doux et naturel regarder ou dramatique volume, nous offrir personnalis\u00e9 techniques y compris Classique, Hybride, Volume, et M\u00e9ga Volume cils. S\u00fbres et confortables, les extensions de cils de Cils Beauty ne sont jamais appliqu\u00e9es [&hellip;]\" \/>\n<meta property=\"og:url\" content=\"https:\/\/cilsbeauty.com\/fr\/services\/\" \/>\n<meta property=\"og:site_name\" content=\"Cils Beauty\" \/>\n<meta property=\"article:publisher\" content=\"https:\/\/www.facebook.com\/profile.php\/?id=100010042720837&amp;_rdr\" \/>\n<meta property=\"article:modified_time\" content=\"2026-03-16T00:04:53+00:00\" \/>\n<meta property=\"og:image\" content=\"https:\/\/cilsbeauty.com\/wp-content\/uploads\/2024\/10\/image4.jpg\" \/>\n\t<meta property=\"og:image:width\" content=\"460\" \/>\n\t<meta property=\"og:image:height\" content=\"306\" \/>\n\t<meta property=\"og:image:type\" content=\"image\/jpeg\" \/>\n<meta name=\"twitter:card\" content=\"summary_large_image\" \/>\n<meta name=\"twitter:label1\" content=\"Dur\u00e9e de lecture estim\u00e9e\" \/>\n\t<meta name=\"twitter:data1\" content=\"1 minute\" \/>\n<script type=\"application\/ld+json\" class=\"yoast-schema-graph\">{\"@context\":\"https:\/\/schema.org\",\"@graph\":[{\"@type\":\"WebPage\",\"@id\":\"https:\/\/cilsbeauty.com\/fr\/services\/\",\"url\":\"https:\/\/cilsbeauty.com\/fr\/services\/\",\"name\":\"Services - Cils Beauty\",\"isPartOf\":{\"@id\":\"https:\/\/pad.gfa.mybluehost.me\/website_311ca753\/#website\"},\"primaryImageOfPage\":{\"@id\":\"https:\/\/cilsbeauty.com\/fr\/services\/#primaryimage\"},\"image\":{\"@id\":\"https:\/\/cilsbeauty.com\/fr\/services\/#primaryimage\"},\"thumbnailUrl\":\"https:\/\/cilsbeauty.com\/wp-content\/uploads\/2024\/10\/image4.jpg\",\"datePublished\":\"2024-10-11T16:46:06+00:00\",\"dateModified\":\"2026-03-16T00:04:53+00:00\",\"breadcrumb\":{\"@id\":\"https:\/\/cilsbeauty.com\/fr\/services\/#breadcrumb\"},\"inLanguage\":\"fr-FR\",\"potentialAction\":[{\"@type\":\"ReadAction\",\"target\":[\"https:\/\/cilsbeauty.com\/fr\/services\/\"]}]},{\"@type\":\"ImageObject\",\"inLanguage\":\"fr-FR\",\"@id\":\"https:\/\/cilsbeauty.com\/fr\/services\/#primaryimage\",\"url\":\"https:\/\/cilsbeauty.com\/wp-content\/uploads\/2024\/10\/image4.jpg\",\"contentUrl\":\"https:\/\/cilsbeauty.com\/wp-content\/uploads\/2024\/10\/image4.jpg\"},{\"@type\":\"BreadcrumbList\",\"@id\":\"https:\/\/cilsbeauty.com\/fr\/services\/#breadcrumb\",\"itemListElement\":[{\"@type\":\"ListItem\",\"position\":1,\"name\":\"Home\",\"item\":\"https:\/\/cilsbeauty.com\/fr\/accueil\/\"},{\"@type\":\"ListItem\",\"position\":2,\"name\":\"Services\"}]},{\"@type\":\"WebSite\",\"@id\":\"https:\/\/pad.gfa.mybluehost.me\/website_311ca753\/#website\",\"url\":\"https:\/\/pad.gfa.mybluehost.me\/website_311ca753\/\",\"name\":\"Cils Beauty\",\"description\":\"\",\"publisher\":{\"@id\":\"https:\/\/pad.gfa.mybluehost.me\/website_311ca753\/#organization\"},\"potentialAction\":[{\"@type\":\"SearchAction\",\"target\":{\"@type\":\"EntryPoint\",\"urlTemplate\":\"https:\/\/pad.gfa.mybluehost.me\/website_311ca753\/?s={search_term_string}\"},\"query-input\":{\"@type\":\"PropertyValueSpecification\",\"valueRequired\":true,\"valueName\":\"search_term_string\"}}],\"inLanguage\":\"fr-FR\"},{\"@type\":\"Organization\",\"@id\":\"https:\/\/pad.gfa.mybluehost.me\/website_311ca753\/#organization\",\"name\":\"Cils Beauty\",\"url\":\"https:\/\/pad.gfa.mybluehost.me\/website_311ca753\/\",\"logo\":{\"@type\":\"ImageObject\",\"inLanguage\":\"fr-FR\",\"@id\":\"https:\/\/pad.gfa.mybluehost.me\/website_311ca753\/#\/schema\/logo\/image\/\",\"url\":\"https:\/\/cilsbeauty.com\/wp-content\/uploads\/2024\/09\/photo_2024-09-16-06.37.06.jpeg\",\"contentUrl\":\"https:\/\/cilsbeauty.com\/wp-content\/uploads\/2024\/09\/photo_2024-09-16-06.37.06.jpeg\",\"width\":300,\"height\":361,\"caption\":\"Cils Beauty\"},\"image\":{\"@id\":\"https:\/\/pad.gfa.mybluehost.me\/website_311ca753\/#\/schema\/logo\/image\/\"},\"sameAs\":[\"https:\/\/www.facebook.com\/profile.php\/?id=100010042720837&_rdr\"]}]}<\/script>\n<!-- \/ Yoast SEO plugin. -->","yoast_head_json":{"title":"Services - Cils Beauty","robots":{"index":"index","follow":"follow","max-snippet":"max-snippet:-1","max-image-preview":"max-image-preview:large","max-video-preview":"max-video-preview:-1"},"canonical":"https:\/\/cilsbeauty.com\/fr\/services\/","og_locale":"fr_FR","og_type":"article","og_title":"Services - Cils Beauty","og_description":"Service d&rsquo;extension de cils D\u00e9couvrez des cils plus longs, plus fournis, plus fonc\u00e9s et plus relev\u00e9s ! Si vous pr\u00e9f\u00e9rer a doux et naturel regarder ou dramatique volume, nous offrir personnalis\u00e9 techniques y compris Classique, Hybride, Volume, et M\u00e9ga Volume cils. S\u00fbres et confortables, les extensions de cils de Cils Beauty ne sont jamais appliqu\u00e9es [&hellip;]","og_url":"https:\/\/cilsbeauty.com\/fr\/services\/","og_site_name":"Cils Beauty","article_publisher":"https:\/\/www.facebook.com\/profile.php\/?id=100010042720837&_rdr","article_modified_time":"2026-03-16T00:04:53+00:00","og_image":[{"width":460,"height":306,"url":"https:\/\/cilsbeauty.com\/wp-content\/uploads\/2024\/10\/image4.jpg","type":"image\/jpeg"}],"twitter_card":"summary_large_image","twitter_misc":{"Dur\u00e9e de lecture estim\u00e9e":"1 minute"},"schema":{"@context":"https:\/\/schema.org","@graph":[{"@type":"WebPage","@id":"https:\/\/cilsbeauty.com\/fr\/services\/","url":"https:\/\/cilsbeauty.com\/fr\/services\/","name":"Services - Cils Beauty","isPartOf":{"@id":"https:\/\/pad.gfa.mybluehost.me\/website_311ca753\/#website"},"primaryImageOfPage":{"@id":"https:\/\/cilsbeauty.com\/fr\/services\/#primaryimage"},"image":{"@id":"https:\/\/cilsbeauty.com\/fr\/services\/#primaryimage"},"thumbnailUrl":"https:\/\/cilsbeauty.com\/wp-content\/uploads\/2024\/10\/image4.jpg","datePublished":"2024-10-11T16:46:06+00:00","dateModified":"2026-03-16T00:04:53+00:00","breadcrumb":{"@id":"https:\/\/cilsbeauty.com\/fr\/services\/#breadcrumb"},"inLanguage":"fr-FR","potentialAction":[{"@type":"ReadAction","target":["https:\/\/cilsbeauty.com\/fr\/services\/"]}]},{"@type":"ImageObject","inLanguage":"fr-FR","@id":"https:\/\/cilsbeauty.com\/fr\/services\/#primaryimage","url":"https:\/\/cilsbeauty.com\/wp-content\/uploads\/2024\/10\/image4.jpg","contentUrl":"https:\/\/cilsbeauty.com\/wp-content\/uploads\/2024\/10\/image4.jpg"},{"@type":"BreadcrumbList","@id":"https:\/\/cilsbeauty.com\/fr\/services\/#breadcrumb","itemListElement":[{"@type":"ListItem","position":1,"name":"Home","item":"https:\/\/cilsbeauty.com\/fr\/accueil\/"},{"@type":"ListItem","position":2,"name":"Services"}]},{"@type":"WebSite","@id":"https:\/\/pad.gfa.mybluehost.me\/website_311ca753\/#website","url":"https:\/\/pad.gfa.mybluehost.me\/website_311ca753\/","name":"Cils Beauty","description":"","publisher":{"@id":"https:\/\/pad.gfa.mybluehost.me\/website_311ca753\/#organization"},"potentialAction":[{"@type":"SearchAction","target":{"@type":"EntryPoint","urlTemplate":"https:\/\/pad.gfa.mybluehost.me\/website_311ca753\/?s={search_term_string}"},"query-input":{"@type":"PropertyValueSpecification","valueRequired":true,"valueName":"search_term_string"}}],"inLanguage":"fr-FR"},{"@type":"Organization","@id":"https:\/\/pad.gfa.mybluehost.me\/website_311ca753\/#organization","name":"Cils Beauty","url":"https:\/\/pad.gfa.mybluehost.me\/website_311ca753\/","logo":{"@type":"ImageObject","inLanguage":"fr-FR","@id":"https:\/\/pad.gfa.mybluehost.me\/website_311ca753\/#\/schema\/logo\/image\/","url":"https:\/\/cilsbeauty.com\/wp-content\/uploads\/2024\/09\/photo_2024-09-16-06.37.06.jpeg","contentUrl":"https:\/\/cilsbeauty.com\/wp-content\/uploads\/2024\/09\/photo_2024-09-16-06.37.06.jpeg","width":300,"height":361,"caption":"Cils Beauty"},"image":{"@id":"https:\/\/pad.gfa.mybluehost.me\/website_311ca753\/#\/schema\/logo\/image\/"},"sameAs":["https:\/\/www.facebook.com\/profile.php\/?id=100010042720837&_rdr"]}]}},"_links":{"self":[{"href":"https:\/\/cilsbeauty.com\/fr\/wp-json\/wp\/v2\/pages\/806","targetHints":{"allow":["GET"]}}],"collection":[{"href":"https:\/\/cilsbeauty.com\/fr\/wp-json\/wp\/v2\/pages"}],"about":[{"href":"https:\/\/cilsbeauty.com\/fr\/wp-json\/wp\/v2\/types\/page"}],"author":[{"embeddable":true,"href":"https:\/\/cilsbeauty.com\/fr\/wp-json\/wp\/v2\/users\/2"}],"replies":[{"embeddable":true,"href":"https:\/\/cilsbeauty.com\/fr\/wp-json\/wp\/v2\/comments?post=806"}],"version-history":[{"count":13,"href":"https:\/\/cilsbeauty.com\/fr\/wp-json\/wp\/v2\/pages\/806\/revisions"}],"predecessor-version":[{"id":1101,"href":"https:\/\/cilsbeauty.com\/fr\/wp-json\/wp\/v2\/pages\/806\/revisions\/1101"}],"wp:attachment":[{"href":"https:\/\/cilsbeauty.com\/fr\/wp-json\/wp\/v2\/media?parent=806"}],"curies":[{"name":"wp","href":"https:\/\/api.w.org\/{rel}","templated":true}]}}