{"id":818,"date":"2024-09-07T00:44:43","date_gmt":"2024-09-07T00:44:43","guid":{"rendered":"https:\/\/cilsbeauty.com\/politique-de-confidentialite\/"},"modified":"2025-10-05T22:42:30","modified_gmt":"2025-10-05T22:42:30","slug":"politique-de-confidentialite","status":"publish","type":"page","link":"https:\/\/cilsbeauty.com\/fr\/politique-de-confidentialite\/","title":{"rendered":"Politique de confidentialit\u00e9"},"content":{"rendered":"\t\t<div data-elementor-type=\"wp-page\" data-elementor-id=\"818\" class=\"elementor elementor-818 elementor-3\" data-elementor-post-type=\"page\">\n\t\t\t\t<div class=\"elementor-element elementor-element-3e5ce33 e-flex e-con-boxed e-con e-parent\" data-id=\"3e5ce33\" data-element_type=\"container\" data-e-type=\"container\">\n\t\t\t\t\t<div class=\"e-con-inner\">\n\t\t\t\t<div class=\"elementor-element elementor-element-61fb101 elementor-widget elementor-widget-heading\" data-id=\"61fb101\" data-element_type=\"widget\" data-e-type=\"widget\" data-widget_type=\"heading.default\">\n\t\t\t\t<div class=\"elementor-widget-container\">\n\t\t\t\t\t<h2 class=\"elementor-heading-title elementor-size-default\">Politique de confidentialit\u00e9<\/h2>\t\t\t\t<\/div>\n\t\t\t\t<\/div>\n\t\t\t\t\t<\/div>\n\t\t\t\t<\/div>\n\t\t<div class=\"elementor-element elementor-element-4ce4bd76 e-flex e-con-boxed e-con e-parent\" data-id=\"4ce4bd76\" data-element_type=\"container\" data-e-type=\"container\">\n\t\t\t\t\t<div class=\"e-con-inner\">\n\t\t\t\t<div class=\"elementor-element elementor-element-276194c elementor-widget elementor-widget-text-editor\" data-id=\"276194c\" data-element_type=\"widget\" data-e-type=\"widget\" data-widget_type=\"text-editor.default\">\n\t\t\t\t<div class=\"elementor-widget-container\">\n\t\t\t\t\t\t\t\t\t<p><strong>Cils Beauty N.<\/strong> (\u00ab\u00a0nous\u00a0\u00bb) s&rsquo;engage \u00e0 prot\u00e9ger et \u00e0 respecter votre vie priv\u00e9e. La pr\u00e9sente politique de confidentialit\u00e9 explique comment nous recueillons, utilisons et partageons vos informations personnelles lorsque vous visitez notre site web ou utilisez nos services de beaut\u00e9.<\/p><p>En utilisant notre site web ou nos services, vous acceptez les conditions \u00e9nonc\u00e9es dans la pr\u00e9sente politique de confidentialit\u00e9. Si vous n&rsquo;\u00eates pas d&rsquo;accord avec ces conditions, veuillez ne pas utiliser nos services ou notre site web.<\/p><h3>1. Les informations que nous collectons<\/h3><p>Nous recueillons diff\u00e9rents types d&rsquo;informations personnelles lorsque vous interagissez avec notre site web, effectuez une r\u00e9servation ou communiquez avec nous. Il s&rsquo;agit notamment de<\/p><ul><li><strong>Informations personnelles :<\/strong> Nom, adresse \u00e9lectronique, num\u00e9ro de t\u00e9l\u00e9phone, informations de paiement et adresse.<\/li><li><strong>Informations sur les r\u00e9servations :<\/strong> D\u00e9tails tels que les heures de rendez-vous, les traitements et les pr\u00e9f\u00e9rences.<\/li><li><strong>Informations sur l&rsquo;appareil :<\/strong> Adresse IP, type de navigateur, syst\u00e8me d&rsquo;exploitation et autres donn\u00e9es techniques lorsque vous visitez notre site web.<\/li><li><strong>Donn\u00e9es de communication :<\/strong> Enregistrements de la correspondance, y compris les courriels, les chats ou les demandes de service \u00e0 la client\u00e8le.<\/li><\/ul><h3>2. Comment nous utilisons vos informations<\/h3><p>Nous utilisons les informations que nous recueillons aux fins suivantes :<\/p><ul><li><strong>Pour fournir des services :<\/strong> Pour faciliter les r\u00e9servations, g\u00e9rer les paiements et garantir une exp\u00e9rience de beaut\u00e9 sans faille.<\/li><li><strong>Assistance \u00e0 la client\u00e8le :<\/strong> R\u00e9pondre \u00e0 vos questions, vous fournir des mises \u00e0 jour et vous aider \u00e0 r\u00e9soudre les probl\u00e8mes que vous pourriez rencontrer.<\/li><li><strong>Personnalisation :<\/strong> Pour personnaliser votre exp\u00e9rience, notamment en m\u00e9morisant vos pr\u00e9f\u00e9rences et vos r\u00e9servations ant\u00e9rieures.<\/li><li><strong>Marketing :<\/strong> Pour vous envoyer du mat\u00e9riel promotionnel, des offres et des informations sur nos services, \u00e0 moins que vous ne choisissiez de ne pas le faire.<\/li><li><strong>Analyse :<\/strong> Analyser l&rsquo;utilisation du site web et am\u00e9liorer nos services.<\/li><li><strong>Obligations l\u00e9gales :<\/strong> Se conformer aux exigences l\u00e9gales et prot\u00e9ger nos droits l\u00e9gaux.<\/li><\/ul><h3>3. Comment nous partageons vos informations<\/h3><p>Nous pouvons partager vos informations personnelles avec des tiers dans les situations suivantes :<\/p><ul><li><strong>Prestataires de services :<\/strong> Nous pouvons partager vos donn\u00e9es avec des fournisseurs tiers qui nous aident dans le traitement des paiements, les services informatiques ou l&rsquo;assistance \u00e0 la client\u00e8le.<\/li><li><strong>Transferts d&rsquo;activit\u00e9s :<\/strong> En cas de fusion, d&rsquo;acquisition ou de vente d&rsquo;actifs, vos donn\u00e9es \u00e0 caract\u00e8re personnel peuvent \u00eatre transf\u00e9r\u00e9es dans le cadre de cette transaction.<\/li><li><strong>Exigences l\u00e9gales :<\/strong> Nous pouvons divulguer vos informations pour nous conformer \u00e0 des obligations l\u00e9gales, \u00e0 des ordonnances judiciaires ou \u00e0 des demandes gouvernementales.<\/li><li><strong>S\u00e9curit\u00e9 et protection :<\/strong> Nous pouvons partager vos donn\u00e9es pour prot\u00e9ger les droits, la propri\u00e9t\u00e9 ou la s\u00e9curit\u00e9 de Cils Beauty N., de nos clients ou d&rsquo;autres personnes.<\/li><\/ul><h3>4. Conservation des donn\u00e9es<\/h3><p>Nous conserverons vos informations personnelles aussi longtemps que n\u00e9cessaire pour atteindre les objectifs pour lesquels elles ont \u00e9t\u00e9 collect\u00e9es, ou si la loi l&rsquo;exige. Lorsque vos informations ne sont plus n\u00e9cessaires, nous les supprimons ou les rendons anonymes en toute s\u00e9curit\u00e9.<\/p><h3>5. S\u00e9curit\u00e9<\/h3><p>Nous nous engageons \u00e0 prot\u00e9ger vos donn\u00e9es personnelles. Nous utilisons des mesures techniques et organisationnelles appropri\u00e9es pour prot\u00e9ger vos informations contre tout acc\u00e8s, modification ou divulgation non autoris\u00e9s.<\/p><p>Toutefois, sachez qu&rsquo;aucune m\u00e9thode de transmission sur l&rsquo;internet ou de stockage \u00e9lectronique n&rsquo;est s\u00fbre \u00e0 100 % et que nous ne pouvons pas garantir la s\u00e9curit\u00e9 absolue de vos donn\u00e9es.<\/p><h3>6. Vos droits<\/h3><p>Vous disposez des droits suivants concernant vos informations personnelles :<\/p><ul><li><strong>Correction :<\/strong> Vous pouvez nous demander de corriger toute information inexacte ou incompl\u00e8te.<\/li><li><strong>Suppression :<\/strong> Vous pouvez demander la suppression de vos donn\u00e9es personnelles, sous r\u00e9serve des obligations l\u00e9gales.<\/li><li><strong>Refus du marketing :<\/strong> Vous pouvez \u00e0 tout moment refuser de recevoir des communications marketing en suivant le lien de d\u00e9sinscription figurant dans nos courriels.<\/li><\/ul><p>Pour exercer l&rsquo;un de ces droits, veuillez nous contacter \u00e0 l&rsquo;adresse suivante : <strong>hello[at]cilsbeautyn.com<\/strong><\/p><h3>7. Cookies<\/h3><p>Notre site web utilise des cookies pour am\u00e9liorer votre exp\u00e9rience et analyser le trafic du site web. Les cookies sont de petits fichiers texte qui sont plac\u00e9s sur votre appareil lorsque vous visitez notre site web. Vous pouvez contr\u00f4ler les pr\u00e9f\u00e9rences en mati\u00e8re de cookies par le biais des param\u00e8tres de votre navigateur, mais la d\u00e9sactivation des cookies peut affecter la fonctionnalit\u00e9 de notre site web.<\/p><h3>8. Liens avec des tiers<\/h3><p>Notre site web peut contenir des liens vers des sites web de tiers. Veuillez noter que nous ne sommes pas responsables des pratiques des autres sites en mati\u00e8re de protection de la vie priv\u00e9e. Nous vous encourageons \u00e0 lire les politiques de confidentialit\u00e9 des sites web de tiers que vous visitez.<\/p><h3>9. Modifications de la pr\u00e9sente politique de protection de la vie priv\u00e9e<\/h3><p>Nous nous r\u00e9servons le droit de mettre \u00e0 jour ou de modifier cette politique de confidentialit\u00e9 \u00e0 tout moment. Toute modification sera publi\u00e9e sur cette page et nous vous encourageons \u00e0 consulter r\u00e9guli\u00e8rement cette politique. La poursuite de l&rsquo;utilisation de nos services apr\u00e8s des modifications de cette politique sera consid\u00e9r\u00e9e comme une acceptation de ces modifications.<\/p><h3>10. Contactez nous<\/h3><p>Si vous avez des questions ou des pr\u00e9occupations concernant la pr\u00e9sente politique de confidentialit\u00e9 ou la mani\u00e8re dont nous traitons vos donn\u00e9es \u00e0 caract\u00e8re personnel, veuillez nous contacter \u00e0 l&rsquo;adresse suivante :<\/p><p><strong>Cils Beauty N.<\/strong><br>Email : <strong>hello[at]cilsbeautyn.com<\/strong><\/p>\t\t\t\t\t\t\t\t<\/div>\n\t\t\t\t<\/div>\n\t\t\t\t\t<\/div>\n\t\t\t\t<\/div>\n\t\t\t\t<\/div>\n\t\t","protected":false},"excerpt":{"rendered":"<p>Politique de confidentialit\u00e9 Cils Beauty N. (\u00ab\u00a0nous\u00a0\u00bb) s&rsquo;engage \u00e0 prot\u00e9ger et \u00e0 respecter votre vie priv\u00e9e. La pr\u00e9sente politique de confidentialit\u00e9 explique comment nous recueillons, utilisons et partageons vos informations personnelles lorsque vous visitez notre site web ou utilisez nos services de beaut\u00e9. En utilisant notre site web ou nos services, vous acceptez les conditions [&hellip;]<\/p>\n","protected":false},"author":1,"featured_media":0,"parent":0,"menu_order":0,"comment_status":"closed","ping_status":"open","template":"","meta":{"footnotes":""},"class_list":["post-818","page","type-page","status-publish","hentry"],"featured_image_src":null,"yoast_head":"<!-- This site is optimized with the Yoast SEO plugin v27.2 - https:\/\/yoast.com\/product\/yoast-seo-wordpress\/ -->\n<title>Politique de confidentialit\u00e9 - Cils Beauty<\/title>\n<meta name=\"robots\" content=\"index, follow, max-snippet:-1, max-image-preview:large, max-video-preview:-1\" \/>\n<link rel=\"canonical\" href=\"https:\/\/cilsbeauty.com\/fr\/politique-de-confidentialite\/\" \/>\n<meta property=\"og:locale\" content=\"fr_FR\" \/>\n<meta property=\"og:type\" content=\"article\" \/>\n<meta property=\"og:title\" content=\"Politique de confidentialit\u00e9 - Cils Beauty\" \/>\n<meta property=\"og:description\" content=\"Politique de confidentialit\u00e9 Cils Beauty N. (\u00ab\u00a0nous\u00a0\u00bb) s&rsquo;engage \u00e0 prot\u00e9ger et \u00e0 respecter votre vie priv\u00e9e. La pr\u00e9sente politique de confidentialit\u00e9 explique comment nous recueillons, utilisons et partageons vos informations personnelles lorsque vous visitez notre site web ou utilisez nos services de beaut\u00e9. En utilisant notre site web ou nos services, vous acceptez les conditions [&hellip;]\" \/>\n<meta property=\"og:url\" content=\"https:\/\/cilsbeauty.com\/fr\/politique-de-confidentialite\/\" \/>\n<meta property=\"og:site_name\" content=\"Cils Beauty\" \/>\n<meta property=\"article:publisher\" content=\"https:\/\/www.facebook.com\/profile.php\/?id=100010042720837&amp;_rdr\" \/>\n<meta property=\"article:modified_time\" content=\"2025-10-05T22:42:30+00:00\" \/>\n<meta name=\"twitter:card\" content=\"summary_large_image\" \/>\n<meta name=\"twitter:label1\" content=\"Dur\u00e9e de lecture estim\u00e9e\" \/>\n\t<meta name=\"twitter:data1\" content=\"4 minutes\" \/>\n<script type=\"application\/ld+json\" class=\"yoast-schema-graph\">{\"@context\":\"https:\/\/schema.org\",\"@graph\":[{\"@type\":\"WebPage\",\"@id\":\"https:\/\/cilsbeauty.com\/fr\/politique-de-confidentialite\/\",\"url\":\"https:\/\/cilsbeauty.com\/fr\/politique-de-confidentialite\/\",\"name\":\"Politique de confidentialit\u00e9 - Cils Beauty\",\"isPartOf\":{\"@id\":\"https:\/\/pad.gfa.mybluehost.me\/website_311ca753\/#website\"},\"datePublished\":\"2024-09-07T00:44:43+00:00\",\"dateModified\":\"2025-10-05T22:42:30+00:00\",\"breadcrumb\":{\"@id\":\"https:\/\/cilsbeauty.com\/fr\/politique-de-confidentialite\/#breadcrumb\"},\"inLanguage\":\"fr-FR\",\"potentialAction\":[{\"@type\":\"ReadAction\",\"target\":[\"https:\/\/cilsbeauty.com\/fr\/politique-de-confidentialite\/\"]}]},{\"@type\":\"BreadcrumbList\",\"@id\":\"https:\/\/cilsbeauty.com\/fr\/politique-de-confidentialite\/#breadcrumb\",\"itemListElement\":[{\"@type\":\"ListItem\",\"position\":1,\"name\":\"Home\",\"item\":\"https:\/\/cilsbeauty.com\/fr\/accueil\/\"},{\"@type\":\"ListItem\",\"position\":2,\"name\":\"Politique de confidentialit\u00e9\"}]},{\"@type\":\"WebSite\",\"@id\":\"https:\/\/pad.gfa.mybluehost.me\/website_311ca753\/#website\",\"url\":\"https:\/\/pad.gfa.mybluehost.me\/website_311ca753\/\",\"name\":\"Cils Beauty\",\"description\":\"\",\"publisher\":{\"@id\":\"https:\/\/pad.gfa.mybluehost.me\/website_311ca753\/#organization\"},\"potentialAction\":[{\"@type\":\"SearchAction\",\"target\":{\"@type\":\"EntryPoint\",\"urlTemplate\":\"https:\/\/pad.gfa.mybluehost.me\/website_311ca753\/?s={search_term_string}\"},\"query-input\":{\"@type\":\"PropertyValueSpecification\",\"valueRequired\":true,\"valueName\":\"search_term_string\"}}],\"inLanguage\":\"fr-FR\"},{\"@type\":\"Organization\",\"@id\":\"https:\/\/pad.gfa.mybluehost.me\/website_311ca753\/#organization\",\"name\":\"Cils Beauty\",\"url\":\"https:\/\/pad.gfa.mybluehost.me\/website_311ca753\/\",\"logo\":{\"@type\":\"ImageObject\",\"inLanguage\":\"fr-FR\",\"@id\":\"https:\/\/pad.gfa.mybluehost.me\/website_311ca753\/#\/schema\/logo\/image\/\",\"url\":\"https:\/\/cilsbeauty.com\/wp-content\/uploads\/2024\/09\/photo_2024-09-16-06.37.06.jpeg\",\"contentUrl\":\"https:\/\/cilsbeauty.com\/wp-content\/uploads\/2024\/09\/photo_2024-09-16-06.37.06.jpeg\",\"width\":300,\"height\":361,\"caption\":\"Cils Beauty\"},\"image\":{\"@id\":\"https:\/\/pad.gfa.mybluehost.me\/website_311ca753\/#\/schema\/logo\/image\/\"},\"sameAs\":[\"https:\/\/www.facebook.com\/profile.php\/?id=100010042720837&_rdr\"]}]}<\/script>\n<!-- \/ Yoast SEO plugin. -->","yoast_head_json":{"title":"Politique de confidentialit\u00e9 - Cils Beauty","robots":{"index":"index","follow":"follow","max-snippet":"max-snippet:-1","max-image-preview":"max-image-preview:large","max-video-preview":"max-video-preview:-1"},"canonical":"https:\/\/cilsbeauty.com\/fr\/politique-de-confidentialite\/","og_locale":"fr_FR","og_type":"article","og_title":"Politique de confidentialit\u00e9 - Cils Beauty","og_description":"Politique de confidentialit\u00e9 Cils Beauty N. (\u00ab\u00a0nous\u00a0\u00bb) s&rsquo;engage \u00e0 prot\u00e9ger et \u00e0 respecter votre vie priv\u00e9e. La pr\u00e9sente politique de confidentialit\u00e9 explique comment nous recueillons, utilisons et partageons vos informations personnelles lorsque vous visitez notre site web ou utilisez nos services de beaut\u00e9. En utilisant notre site web ou nos services, vous acceptez les conditions [&hellip;]","og_url":"https:\/\/cilsbeauty.com\/fr\/politique-de-confidentialite\/","og_site_name":"Cils Beauty","article_publisher":"https:\/\/www.facebook.com\/profile.php\/?id=100010042720837&_rdr","article_modified_time":"2025-10-05T22:42:30+00:00","twitter_card":"summary_large_image","twitter_misc":{"Dur\u00e9e de lecture estim\u00e9e":"4 minutes"},"schema":{"@context":"https:\/\/schema.org","@graph":[{"@type":"WebPage","@id":"https:\/\/cilsbeauty.com\/fr\/politique-de-confidentialite\/","url":"https:\/\/cilsbeauty.com\/fr\/politique-de-confidentialite\/","name":"Politique de confidentialit\u00e9 - Cils Beauty","isPartOf":{"@id":"https:\/\/pad.gfa.mybluehost.me\/website_311ca753\/#website"},"datePublished":"2024-09-07T00:44:43+00:00","dateModified":"2025-10-05T22:42:30+00:00","breadcrumb":{"@id":"https:\/\/cilsbeauty.com\/fr\/politique-de-confidentialite\/#breadcrumb"},"inLanguage":"fr-FR","potentialAction":[{"@type":"ReadAction","target":["https:\/\/cilsbeauty.com\/fr\/politique-de-confidentialite\/"]}]},{"@type":"BreadcrumbList","@id":"https:\/\/cilsbeauty.com\/fr\/politique-de-confidentialite\/#breadcrumb","itemListElement":[{"@type":"ListItem","position":1,"name":"Home","item":"https:\/\/cilsbeauty.com\/fr\/accueil\/"},{"@type":"ListItem","position":2,"name":"Politique de confidentialit\u00e9"}]},{"@type":"WebSite","@id":"https:\/\/pad.gfa.mybluehost.me\/website_311ca753\/#website","url":"https:\/\/pad.gfa.mybluehost.me\/website_311ca753\/","name":"Cils Beauty","description":"","publisher":{"@id":"https:\/\/pad.gfa.mybluehost.me\/website_311ca753\/#organization"},"potentialAction":[{"@type":"SearchAction","target":{"@type":"EntryPoint","urlTemplate":"https:\/\/pad.gfa.mybluehost.me\/website_311ca753\/?s={search_term_string}"},"query-input":{"@type":"PropertyValueSpecification","valueRequired":true,"valueName":"search_term_string"}}],"inLanguage":"fr-FR"},{"@type":"Organization","@id":"https:\/\/pad.gfa.mybluehost.me\/website_311ca753\/#organization","name":"Cils Beauty","url":"https:\/\/pad.gfa.mybluehost.me\/website_311ca753\/","logo":{"@type":"ImageObject","inLanguage":"fr-FR","@id":"https:\/\/pad.gfa.mybluehost.me\/website_311ca753\/#\/schema\/logo\/image\/","url":"https:\/\/cilsbeauty.com\/wp-content\/uploads\/2024\/09\/photo_2024-09-16-06.37.06.jpeg","contentUrl":"https:\/\/cilsbeauty.com\/wp-content\/uploads\/2024\/09\/photo_2024-09-16-06.37.06.jpeg","width":300,"height":361,"caption":"Cils Beauty"},"image":{"@id":"https:\/\/pad.gfa.mybluehost.me\/website_311ca753\/#\/schema\/logo\/image\/"},"sameAs":["https:\/\/www.facebook.com\/profile.php\/?id=100010042720837&_rdr"]}]}},"_links":{"self":[{"href":"https:\/\/cilsbeauty.com\/fr\/wp-json\/wp\/v2\/pages\/818","targetHints":{"allow":["GET"]}}],"collection":[{"href":"https:\/\/cilsbeauty.com\/fr\/wp-json\/wp\/v2\/pages"}],"about":[{"href":"https:\/\/cilsbeauty.com\/fr\/wp-json\/wp\/v2\/types\/page"}],"author":[{"embeddable":true,"href":"https:\/\/cilsbeauty.com\/fr\/wp-json\/wp\/v2\/users\/1"}],"replies":[{"embeddable":true,"href":"https:\/\/cilsbeauty.com\/fr\/wp-json\/wp\/v2\/comments?post=818"}],"version-history":[{"count":2,"href":"https:\/\/cilsbeauty.com\/fr\/wp-json\/wp\/v2\/pages\/818\/revisions"}],"predecessor-version":[{"id":948,"href":"https:\/\/cilsbeauty.com\/fr\/wp-json\/wp\/v2\/pages\/818\/revisions\/948"}],"wp:attachment":[{"href":"https:\/\/cilsbeauty.com\/fr\/wp-json\/wp\/v2\/media?parent=818"}],"curies":[{"name":"wp","href":"https:\/\/api.w.org\/{rel}","templated":true}]}}