{"id":812,"date":"2024-10-29T23:46:39","date_gmt":"2024-10-29T23:46:39","guid":{"rendered":"https:\/\/cilsbeauty.com\/product\/entrainement-de-base-en-volume\/"},"modified":"2026-01-14T21:31:05","modified_gmt":"2026-01-14T21:31:05","slug":"entrainement-de-base-en-volume","status":"publish","type":"product","link":"https:\/\/cilsbeauty.com\/fr\/product\/entrainement-de-base-en-volume\/","title":{"rendered":"Entra\u00eenement de base en volume"},"content":{"rendered":"<p>Pour les stylistes qui souhaitent approfondir leur formation en mati\u00e8re de cils, nous proposons notre <strong>cours d&rsquo;extension de cils<\/strong> russes (\u00e9galement appel\u00e9s cils russes ou cils 3D-6D).<\/p>\n<p>Il s&rsquo;agit d&rsquo;une formation de deux jours qui comprend un kit de d\u00e9marrage. Au cours de votre formation, vous apprendrez la technique du volume, qui permet de donner 3 \u00e0 7 fois plus de volume aux cils naturels de vos clientes. Il est parfait pour celles qui veulent un look plus ample. Vous apprendrez \u00e9galement 5 \u00e0 7 techniques diff\u00e9rentes pour ma\u00eetriser la technique du volume russe.<\/p>\n<p>Les extensions de cils russes sont un service extr\u00eamement populaire et tr\u00e8s demand\u00e9. Ce traitement donne \u00e0 la cliente un aspect plein et naturel, en utilisant moins d&rsquo;adh\u00e9sif, car chaque cil synth\u00e9tique est plac\u00e9 sur un seul cil naturel. Ce cours est une excellente formation de suivi pour toute personne ayant d\u00e9j\u00e0 suivi la formation Classic Eyelash Extension de notre acad\u00e9mie ou d&rsquo;un autre fournisseur.<\/p>\n","protected":false},"excerpt":{"rendered":"<p>Au cours de votre formation, vous apprendrez la technique du volume, qui permet de donner 3 \u00e0 7 fois plus de volume aux cils naturels de vos clientes. Il est parfait pour celles qui veulent un look plus ample. Vous apprendrez \u00e9galement 5 \u00e0 7 techniques diff\u00e9rentes pour ma\u00eetriser la technique du volume russe.<\/p>\n","protected":false},"featured_media":962,"template":"","meta":[],"product_brand":[],"product_cat":[41,43],"product_tag":[],"class_list":{"0":"post-812","1":"product","2":"type-product","3":"status-publish","4":"has-post-thumbnail","6":"product_cat-formation","7":"product_cat-non-classe","9":"first","10":"instock","11":"virtual","12":"taxable","13":"purchasable","14":"product-type-simple"},"yoast_head":"<!-- This site is optimized with the Yoast SEO plugin v27.2 - https:\/\/yoast.com\/product\/yoast-seo-wordpress\/ -->\n<title>Entra\u00eenement de base en volume - Cils Beauty<\/title>\n<meta name=\"robots\" content=\"index, follow, max-snippet:-1, max-image-preview:large, max-video-preview:-1\" \/>\n<link rel=\"canonical\" href=\"https:\/\/cilsbeauty.com\/fr\/product\/entrainement-de-base-en-volume\/\" \/>\n<meta property=\"og:locale\" content=\"fr_FR\" \/>\n<meta property=\"og:type\" content=\"article\" \/>\n<meta property=\"og:title\" content=\"Entra\u00eenement de base en volume - Cils Beauty\" \/>\n<meta property=\"og:description\" content=\"Au cours de votre formation, vous apprendrez la technique du volume, qui permet de donner 3 \u00e0 7 fois plus de volume aux cils naturels de vos clientes. Il est parfait pour celles qui veulent un look plus ample. Vous apprendrez \u00e9galement 5 \u00e0 7 techniques diff\u00e9rentes pour ma\u00eetriser la technique du volume russe.\" \/>\n<meta property=\"og:url\" content=\"https:\/\/cilsbeauty.com\/fr\/product\/entrainement-de-base-en-volume\/\" \/>\n<meta property=\"og:site_name\" content=\"Cils Beauty\" \/>\n<meta property=\"article:publisher\" content=\"https:\/\/www.facebook.com\/profile.php\/?id=100010042720837&amp;_rdr\" \/>\n<meta property=\"article:modified_time\" content=\"2026-01-14T21:31:05+00:00\" \/>\n<meta property=\"og:image\" content=\"https:\/\/cilsbeauty.com\/wp-content\/uploads\/2024\/10\/serviceimage.jpg\" \/>\n\t<meta property=\"og:image:width\" content=\"419\" \/>\n\t<meta property=\"og:image:height\" content=\"279\" \/>\n\t<meta property=\"og:image:type\" content=\"image\/jpeg\" \/>\n<meta name=\"twitter:card\" content=\"summary_large_image\" \/>\n<meta name=\"twitter:label1\" content=\"Dur\u00e9e de lecture estim\u00e9e\" \/>\n\t<meta name=\"twitter:data1\" content=\"1 minute\" \/>\n<script type=\"application\/ld+json\" class=\"yoast-schema-graph\">{\"@context\":\"https:\/\/schema.org\",\"@graph\":[{\"@type\":\"WebPage\",\"@id\":\"https:\/\/cilsbeauty.com\/fr\/product\/entrainement-de-base-en-volume\/\",\"url\":\"https:\/\/cilsbeauty.com\/fr\/product\/entrainement-de-base-en-volume\/\",\"name\":\"Entra\u00eenement de base en volume - Cils Beauty\",\"isPartOf\":{\"@id\":\"https:\/\/pad.gfa.mybluehost.me\/website_311ca753\/#website\"},\"primaryImageOfPage\":{\"@id\":\"https:\/\/cilsbeauty.com\/fr\/product\/entrainement-de-base-en-volume\/#primaryimage\"},\"image\":{\"@id\":\"https:\/\/cilsbeauty.com\/fr\/product\/entrainement-de-base-en-volume\/#primaryimage\"},\"thumbnailUrl\":\"https:\/\/cilsbeauty.com\/wp-content\/uploads\/2024\/10\/serviceimage.jpg\",\"datePublished\":\"2024-10-29T23:46:39+00:00\",\"dateModified\":\"2026-01-14T21:31:05+00:00\",\"breadcrumb\":{\"@id\":\"https:\/\/cilsbeauty.com\/fr\/product\/entrainement-de-base-en-volume\/#breadcrumb\"},\"inLanguage\":\"fr-FR\",\"potentialAction\":[{\"@type\":\"ReadAction\",\"target\":[\"https:\/\/cilsbeauty.com\/fr\/product\/entrainement-de-base-en-volume\/\"]}]},{\"@type\":\"ImageObject\",\"inLanguage\":\"fr-FR\",\"@id\":\"https:\/\/cilsbeauty.com\/fr\/product\/entrainement-de-base-en-volume\/#primaryimage\",\"url\":\"https:\/\/cilsbeauty.com\/wp-content\/uploads\/2024\/10\/serviceimage.jpg\",\"contentUrl\":\"https:\/\/cilsbeauty.com\/wp-content\/uploads\/2024\/10\/serviceimage.jpg\",\"width\":419,\"height\":279},{\"@type\":\"BreadcrumbList\",\"@id\":\"https:\/\/cilsbeauty.com\/fr\/product\/entrainement-de-base-en-volume\/#breadcrumb\",\"itemListElement\":[{\"@type\":\"ListItem\",\"position\":1,\"name\":\"Home\",\"item\":\"https:\/\/cilsbeauty.com\/fr\/accueil\/\"},{\"@type\":\"ListItem\",\"position\":2,\"name\":\"Produits\",\"item\":\"https:\/\/cilsbeauty.com\/fr\/shop\/\"},{\"@type\":\"ListItem\",\"position\":3,\"name\":\"Entra\u00eenement de base en volume\"}]},{\"@type\":\"WebSite\",\"@id\":\"https:\/\/pad.gfa.mybluehost.me\/website_311ca753\/#website\",\"url\":\"https:\/\/pad.gfa.mybluehost.me\/website_311ca753\/\",\"name\":\"Cils Beauty\",\"description\":\"\",\"publisher\":{\"@id\":\"https:\/\/pad.gfa.mybluehost.me\/website_311ca753\/#organization\"},\"potentialAction\":[{\"@type\":\"SearchAction\",\"target\":{\"@type\":\"EntryPoint\",\"urlTemplate\":\"https:\/\/pad.gfa.mybluehost.me\/website_311ca753\/?s={search_term_string}\"},\"query-input\":{\"@type\":\"PropertyValueSpecification\",\"valueRequired\":true,\"valueName\":\"search_term_string\"}}],\"inLanguage\":\"fr-FR\"},{\"@type\":\"Organization\",\"@id\":\"https:\/\/pad.gfa.mybluehost.me\/website_311ca753\/#organization\",\"name\":\"Cils Beauty\",\"url\":\"https:\/\/pad.gfa.mybluehost.me\/website_311ca753\/\",\"logo\":{\"@type\":\"ImageObject\",\"inLanguage\":\"fr-FR\",\"@id\":\"https:\/\/pad.gfa.mybluehost.me\/website_311ca753\/#\/schema\/logo\/image\/\",\"url\":\"https:\/\/cilsbeauty.com\/wp-content\/uploads\/2024\/09\/photo_2024-09-16-06.37.06.jpeg\",\"contentUrl\":\"https:\/\/cilsbeauty.com\/wp-content\/uploads\/2024\/09\/photo_2024-09-16-06.37.06.jpeg\",\"width\":300,\"height\":361,\"caption\":\"Cils Beauty\"},\"image\":{\"@id\":\"https:\/\/pad.gfa.mybluehost.me\/website_311ca753\/#\/schema\/logo\/image\/\"},\"sameAs\":[\"https:\/\/www.facebook.com\/profile.php\/?id=100010042720837&_rdr\"]}]}<\/script>\n<!-- \/ Yoast SEO plugin. -->","yoast_head_json":{"title":"Entra\u00eenement de base en volume - Cils Beauty","robots":{"index":"index","follow":"follow","max-snippet":"max-snippet:-1","max-image-preview":"max-image-preview:large","max-video-preview":"max-video-preview:-1"},"canonical":"https:\/\/cilsbeauty.com\/fr\/product\/entrainement-de-base-en-volume\/","og_locale":"fr_FR","og_type":"article","og_title":"Entra\u00eenement de base en volume - Cils Beauty","og_description":"Au cours de votre formation, vous apprendrez la technique du volume, qui permet de donner 3 \u00e0 7 fois plus de volume aux cils naturels de vos clientes. Il est parfait pour celles qui veulent un look plus ample. Vous apprendrez \u00e9galement 5 \u00e0 7 techniques diff\u00e9rentes pour ma\u00eetriser la technique du volume russe.","og_url":"https:\/\/cilsbeauty.com\/fr\/product\/entrainement-de-base-en-volume\/","og_site_name":"Cils Beauty","article_publisher":"https:\/\/www.facebook.com\/profile.php\/?id=100010042720837&_rdr","article_modified_time":"2026-01-14T21:31:05+00:00","og_image":[{"width":419,"height":279,"url":"https:\/\/cilsbeauty.com\/wp-content\/uploads\/2024\/10\/serviceimage.jpg","type":"image\/jpeg"}],"twitter_card":"summary_large_image","twitter_misc":{"Dur\u00e9e de lecture estim\u00e9e":"1 minute"},"schema":{"@context":"https:\/\/schema.org","@graph":[{"@type":"WebPage","@id":"https:\/\/cilsbeauty.com\/fr\/product\/entrainement-de-base-en-volume\/","url":"https:\/\/cilsbeauty.com\/fr\/product\/entrainement-de-base-en-volume\/","name":"Entra\u00eenement de base en volume - Cils Beauty","isPartOf":{"@id":"https:\/\/pad.gfa.mybluehost.me\/website_311ca753\/#website"},"primaryImageOfPage":{"@id":"https:\/\/cilsbeauty.com\/fr\/product\/entrainement-de-base-en-volume\/#primaryimage"},"image":{"@id":"https:\/\/cilsbeauty.com\/fr\/product\/entrainement-de-base-en-volume\/#primaryimage"},"thumbnailUrl":"https:\/\/cilsbeauty.com\/wp-content\/uploads\/2024\/10\/serviceimage.jpg","datePublished":"2024-10-29T23:46:39+00:00","dateModified":"2026-01-14T21:31:05+00:00","breadcrumb":{"@id":"https:\/\/cilsbeauty.com\/fr\/product\/entrainement-de-base-en-volume\/#breadcrumb"},"inLanguage":"fr-FR","potentialAction":[{"@type":"ReadAction","target":["https:\/\/cilsbeauty.com\/fr\/product\/entrainement-de-base-en-volume\/"]}]},{"@type":"ImageObject","inLanguage":"fr-FR","@id":"https:\/\/cilsbeauty.com\/fr\/product\/entrainement-de-base-en-volume\/#primaryimage","url":"https:\/\/cilsbeauty.com\/wp-content\/uploads\/2024\/10\/serviceimage.jpg","contentUrl":"https:\/\/cilsbeauty.com\/wp-content\/uploads\/2024\/10\/serviceimage.jpg","width":419,"height":279},{"@type":"BreadcrumbList","@id":"https:\/\/cilsbeauty.com\/fr\/product\/entrainement-de-base-en-volume\/#breadcrumb","itemListElement":[{"@type":"ListItem","position":1,"name":"Home","item":"https:\/\/cilsbeauty.com\/fr\/accueil\/"},{"@type":"ListItem","position":2,"name":"Produits","item":"https:\/\/cilsbeauty.com\/fr\/shop\/"},{"@type":"ListItem","position":3,"name":"Entra\u00eenement de base en volume"}]},{"@type":"WebSite","@id":"https:\/\/pad.gfa.mybluehost.me\/website_311ca753\/#website","url":"https:\/\/pad.gfa.mybluehost.me\/website_311ca753\/","name":"Cils Beauty","description":"","publisher":{"@id":"https:\/\/pad.gfa.mybluehost.me\/website_311ca753\/#organization"},"potentialAction":[{"@type":"SearchAction","target":{"@type":"EntryPoint","urlTemplate":"https:\/\/pad.gfa.mybluehost.me\/website_311ca753\/?s={search_term_string}"},"query-input":{"@type":"PropertyValueSpecification","valueRequired":true,"valueName":"search_term_string"}}],"inLanguage":"fr-FR"},{"@type":"Organization","@id":"https:\/\/pad.gfa.mybluehost.me\/website_311ca753\/#organization","name":"Cils Beauty","url":"https:\/\/pad.gfa.mybluehost.me\/website_311ca753\/","logo":{"@type":"ImageObject","inLanguage":"fr-FR","@id":"https:\/\/pad.gfa.mybluehost.me\/website_311ca753\/#\/schema\/logo\/image\/","url":"https:\/\/cilsbeauty.com\/wp-content\/uploads\/2024\/09\/photo_2024-09-16-06.37.06.jpeg","contentUrl":"https:\/\/cilsbeauty.com\/wp-content\/uploads\/2024\/09\/photo_2024-09-16-06.37.06.jpeg","width":300,"height":361,"caption":"Cils Beauty"},"image":{"@id":"https:\/\/pad.gfa.mybluehost.me\/website_311ca753\/#\/schema\/logo\/image\/"},"sameAs":["https:\/\/www.facebook.com\/profile.php\/?id=100010042720837&_rdr"]}]}},"_links":{"self":[{"href":"https:\/\/cilsbeauty.com\/fr\/wp-json\/wp\/v2\/product\/812","targetHints":{"allow":["GET"]}}],"collection":[{"href":"https:\/\/cilsbeauty.com\/fr\/wp-json\/wp\/v2\/product"}],"about":[{"href":"https:\/\/cilsbeauty.com\/fr\/wp-json\/wp\/v2\/types\/product"}],"wp:featuredmedia":[{"embeddable":true,"href":"https:\/\/cilsbeauty.com\/fr\/wp-json\/wp\/v2\/media\/962"}],"wp:attachment":[{"href":"https:\/\/cilsbeauty.com\/fr\/wp-json\/wp\/v2\/media?parent=812"}],"wp:term":[{"taxonomy":"product_brand","embeddable":true,"href":"https:\/\/cilsbeauty.com\/fr\/wp-json\/wp\/v2\/product_brand?post=812"},{"taxonomy":"product_cat","embeddable":true,"href":"https:\/\/cilsbeauty.com\/fr\/wp-json\/wp\/v2\/product_cat?post=812"},{"taxonomy":"product_tag","embeddable":true,"href":"https:\/\/cilsbeauty.com\/fr\/wp-json\/wp\/v2\/product_tag?post=812"}],"curies":[{"name":"wp","href":"https:\/\/api.w.org\/{rel}","templated":true}]}}