{"id":814,"date":"2024-10-29T23:45:31","date_gmt":"2024-10-29T23:45:31","guid":{"rendered":"https:\/\/cilsbeauty.com\/product\/formation-classique\/"},"modified":"2026-01-14T21:29:57","modified_gmt":"2026-01-14T21:29:57","slug":"formation-classique","status":"publish","type":"product","link":"https:\/\/cilsbeauty.com\/fr\/product\/formation-classique\/","title":{"rendered":"Formation classique"},"content":{"rendered":"<p>La formation classique \u00e0 l&rsquo;extension de cils est id\u00e9ale pour les cils longs et fournis. Cette formation \u00e0 l&rsquo;extension de cils classique vous permet d&rsquo;apprendre \u00e0 donner du volume \u00e0 des cils naturels en utilisant les techniques correctes et appropri\u00e9es pour garantir un processus sans heurts. La longueur et la courbure ajout\u00e9es mettront en valeur la beaut\u00e9 des yeux et l&rsquo;apparence g\u00e9n\u00e9rale.  <\/p>\n","protected":false},"excerpt":{"rendered":"<p>Cette formation classique \u00e0 l&rsquo;extension de cils vous permet d&rsquo;apprendre \u00e0 ajouter du volume aux cils naturels en utilisant les techniques correctes et appropri\u00e9es pour garantir un processus sans heurts.<\/p>\n","protected":false},"featured_media":695,"template":"","meta":[],"product_brand":[],"product_cat":[41],"product_tag":[],"class_list":{"0":"post-814","1":"product","2":"type-product","3":"status-publish","4":"has-post-thumbnail","6":"product_cat-formation","8":"first","9":"instock","10":"virtual","11":"taxable","12":"purchasable","13":"product-type-simple"},"yoast_head":"<!-- This site is optimized with the Yoast SEO plugin v27.2 - https:\/\/yoast.com\/product\/yoast-seo-wordpress\/ -->\n<title>Formation classique - Cils Beauty<\/title>\n<meta name=\"robots\" content=\"index, follow, max-snippet:-1, max-image-preview:large, max-video-preview:-1\" \/>\n<link rel=\"canonical\" href=\"https:\/\/cilsbeauty.com\/fr\/product\/formation-classique\/\" \/>\n<meta property=\"og:locale\" content=\"fr_FR\" \/>\n<meta property=\"og:type\" content=\"article\" \/>\n<meta property=\"og:title\" content=\"Formation classique - Cils Beauty\" \/>\n<meta property=\"og:description\" content=\"Cette formation classique \u00e0 l&#039;extension de cils vous permet d&#039;apprendre \u00e0 ajouter du volume aux cils naturels en utilisant les techniques correctes et appropri\u00e9es pour garantir un processus sans heurts.\" \/>\n<meta property=\"og:url\" content=\"https:\/\/cilsbeauty.com\/fr\/product\/formation-classique\/\" \/>\n<meta property=\"og:site_name\" content=\"Cils Beauty\" \/>\n<meta property=\"article:publisher\" content=\"https:\/\/www.facebook.com\/profile.php\/?id=100010042720837&amp;_rdr\" \/>\n<meta property=\"article:modified_time\" content=\"2026-01-14T21:29:57+00:00\" \/>\n<meta property=\"og:image\" content=\"https:\/\/cilsbeauty.com\/wp-content\/uploads\/2024\/10\/eye-patches.jpg\" \/>\n\t<meta property=\"og:image:width\" content=\"2000\" \/>\n\t<meta property=\"og:image:height\" content=\"1333\" \/>\n\t<meta property=\"og:image:type\" content=\"image\/jpeg\" \/>\n<meta name=\"twitter:card\" content=\"summary_large_image\" \/>\n<script type=\"application\/ld+json\" class=\"yoast-schema-graph\">{\"@context\":\"https:\/\/schema.org\",\"@graph\":[{\"@type\":\"WebPage\",\"@id\":\"https:\/\/cilsbeauty.com\/fr\/product\/formation-classique\/\",\"url\":\"https:\/\/cilsbeauty.com\/fr\/product\/formation-classique\/\",\"name\":\"Formation classique - Cils Beauty\",\"isPartOf\":{\"@id\":\"https:\/\/pad.gfa.mybluehost.me\/website_311ca753\/#website\"},\"primaryImageOfPage\":{\"@id\":\"https:\/\/cilsbeauty.com\/fr\/product\/formation-classique\/#primaryimage\"},\"image\":{\"@id\":\"https:\/\/cilsbeauty.com\/fr\/product\/formation-classique\/#primaryimage\"},\"thumbnailUrl\":\"https:\/\/cilsbeauty.com\/wp-content\/uploads\/2024\/10\/eye-patches.jpg\",\"datePublished\":\"2024-10-29T23:45:31+00:00\",\"dateModified\":\"2026-01-14T21:29:57+00:00\",\"breadcrumb\":{\"@id\":\"https:\/\/cilsbeauty.com\/fr\/product\/formation-classique\/#breadcrumb\"},\"inLanguage\":\"fr-FR\",\"potentialAction\":[{\"@type\":\"ReadAction\",\"target\":[\"https:\/\/cilsbeauty.com\/fr\/product\/formation-classique\/\"]}]},{\"@type\":\"ImageObject\",\"inLanguage\":\"fr-FR\",\"@id\":\"https:\/\/cilsbeauty.com\/fr\/product\/formation-classique\/#primaryimage\",\"url\":\"https:\/\/cilsbeauty.com\/wp-content\/uploads\/2024\/10\/eye-patches.jpg\",\"contentUrl\":\"https:\/\/cilsbeauty.com\/wp-content\/uploads\/2024\/10\/eye-patches.jpg\",\"width\":2000,\"height\":1333},{\"@type\":\"BreadcrumbList\",\"@id\":\"https:\/\/cilsbeauty.com\/fr\/product\/formation-classique\/#breadcrumb\",\"itemListElement\":[{\"@type\":\"ListItem\",\"position\":1,\"name\":\"Home\",\"item\":\"https:\/\/cilsbeauty.com\/fr\/accueil\/\"},{\"@type\":\"ListItem\",\"position\":2,\"name\":\"Produits\",\"item\":\"https:\/\/cilsbeauty.com\/fr\/shop\/\"},{\"@type\":\"ListItem\",\"position\":3,\"name\":\"Formation classique\"}]},{\"@type\":\"WebSite\",\"@id\":\"https:\/\/pad.gfa.mybluehost.me\/website_311ca753\/#website\",\"url\":\"https:\/\/pad.gfa.mybluehost.me\/website_311ca753\/\",\"name\":\"Cils Beauty\",\"description\":\"\",\"publisher\":{\"@id\":\"https:\/\/pad.gfa.mybluehost.me\/website_311ca753\/#organization\"},\"potentialAction\":[{\"@type\":\"SearchAction\",\"target\":{\"@type\":\"EntryPoint\",\"urlTemplate\":\"https:\/\/pad.gfa.mybluehost.me\/website_311ca753\/?s={search_term_string}\"},\"query-input\":{\"@type\":\"PropertyValueSpecification\",\"valueRequired\":true,\"valueName\":\"search_term_string\"}}],\"inLanguage\":\"fr-FR\"},{\"@type\":\"Organization\",\"@id\":\"https:\/\/pad.gfa.mybluehost.me\/website_311ca753\/#organization\",\"name\":\"Cils Beauty\",\"url\":\"https:\/\/pad.gfa.mybluehost.me\/website_311ca753\/\",\"logo\":{\"@type\":\"ImageObject\",\"inLanguage\":\"fr-FR\",\"@id\":\"https:\/\/pad.gfa.mybluehost.me\/website_311ca753\/#\/schema\/logo\/image\/\",\"url\":\"https:\/\/cilsbeauty.com\/wp-content\/uploads\/2024\/09\/photo_2024-09-16-06.37.06.jpeg\",\"contentUrl\":\"https:\/\/cilsbeauty.com\/wp-content\/uploads\/2024\/09\/photo_2024-09-16-06.37.06.jpeg\",\"width\":300,\"height\":361,\"caption\":\"Cils Beauty\"},\"image\":{\"@id\":\"https:\/\/pad.gfa.mybluehost.me\/website_311ca753\/#\/schema\/logo\/image\/\"},\"sameAs\":[\"https:\/\/www.facebook.com\/profile.php\/?id=100010042720837&_rdr\"]}]}<\/script>\n<!-- \/ Yoast SEO plugin. -->","yoast_head_json":{"title":"Formation classique - Cils Beauty","robots":{"index":"index","follow":"follow","max-snippet":"max-snippet:-1","max-image-preview":"max-image-preview:large","max-video-preview":"max-video-preview:-1"},"canonical":"https:\/\/cilsbeauty.com\/fr\/product\/formation-classique\/","og_locale":"fr_FR","og_type":"article","og_title":"Formation classique - Cils Beauty","og_description":"Cette formation classique \u00e0 l'extension de cils vous permet d'apprendre \u00e0 ajouter du volume aux cils naturels en utilisant les techniques correctes et appropri\u00e9es pour garantir un processus sans heurts.","og_url":"https:\/\/cilsbeauty.com\/fr\/product\/formation-classique\/","og_site_name":"Cils Beauty","article_publisher":"https:\/\/www.facebook.com\/profile.php\/?id=100010042720837&_rdr","article_modified_time":"2026-01-14T21:29:57+00:00","og_image":[{"width":2000,"height":1333,"url":"https:\/\/cilsbeauty.com\/wp-content\/uploads\/2024\/10\/eye-patches.jpg","type":"image\/jpeg"}],"twitter_card":"summary_large_image","schema":{"@context":"https:\/\/schema.org","@graph":[{"@type":"WebPage","@id":"https:\/\/cilsbeauty.com\/fr\/product\/formation-classique\/","url":"https:\/\/cilsbeauty.com\/fr\/product\/formation-classique\/","name":"Formation classique - Cils Beauty","isPartOf":{"@id":"https:\/\/pad.gfa.mybluehost.me\/website_311ca753\/#website"},"primaryImageOfPage":{"@id":"https:\/\/cilsbeauty.com\/fr\/product\/formation-classique\/#primaryimage"},"image":{"@id":"https:\/\/cilsbeauty.com\/fr\/product\/formation-classique\/#primaryimage"},"thumbnailUrl":"https:\/\/cilsbeauty.com\/wp-content\/uploads\/2024\/10\/eye-patches.jpg","datePublished":"2024-10-29T23:45:31+00:00","dateModified":"2026-01-14T21:29:57+00:00","breadcrumb":{"@id":"https:\/\/cilsbeauty.com\/fr\/product\/formation-classique\/#breadcrumb"},"inLanguage":"fr-FR","potentialAction":[{"@type":"ReadAction","target":["https:\/\/cilsbeauty.com\/fr\/product\/formation-classique\/"]}]},{"@type":"ImageObject","inLanguage":"fr-FR","@id":"https:\/\/cilsbeauty.com\/fr\/product\/formation-classique\/#primaryimage","url":"https:\/\/cilsbeauty.com\/wp-content\/uploads\/2024\/10\/eye-patches.jpg","contentUrl":"https:\/\/cilsbeauty.com\/wp-content\/uploads\/2024\/10\/eye-patches.jpg","width":2000,"height":1333},{"@type":"BreadcrumbList","@id":"https:\/\/cilsbeauty.com\/fr\/product\/formation-classique\/#breadcrumb","itemListElement":[{"@type":"ListItem","position":1,"name":"Home","item":"https:\/\/cilsbeauty.com\/fr\/accueil\/"},{"@type":"ListItem","position":2,"name":"Produits","item":"https:\/\/cilsbeauty.com\/fr\/shop\/"},{"@type":"ListItem","position":3,"name":"Formation classique"}]},{"@type":"WebSite","@id":"https:\/\/pad.gfa.mybluehost.me\/website_311ca753\/#website","url":"https:\/\/pad.gfa.mybluehost.me\/website_311ca753\/","name":"Cils Beauty","description":"","publisher":{"@id":"https:\/\/pad.gfa.mybluehost.me\/website_311ca753\/#organization"},"potentialAction":[{"@type":"SearchAction","target":{"@type":"EntryPoint","urlTemplate":"https:\/\/pad.gfa.mybluehost.me\/website_311ca753\/?s={search_term_string}"},"query-input":{"@type":"PropertyValueSpecification","valueRequired":true,"valueName":"search_term_string"}}],"inLanguage":"fr-FR"},{"@type":"Organization","@id":"https:\/\/pad.gfa.mybluehost.me\/website_311ca753\/#organization","name":"Cils Beauty","url":"https:\/\/pad.gfa.mybluehost.me\/website_311ca753\/","logo":{"@type":"ImageObject","inLanguage":"fr-FR","@id":"https:\/\/pad.gfa.mybluehost.me\/website_311ca753\/#\/schema\/logo\/image\/","url":"https:\/\/cilsbeauty.com\/wp-content\/uploads\/2024\/09\/photo_2024-09-16-06.37.06.jpeg","contentUrl":"https:\/\/cilsbeauty.com\/wp-content\/uploads\/2024\/09\/photo_2024-09-16-06.37.06.jpeg","width":300,"height":361,"caption":"Cils Beauty"},"image":{"@id":"https:\/\/pad.gfa.mybluehost.me\/website_311ca753\/#\/schema\/logo\/image\/"},"sameAs":["https:\/\/www.facebook.com\/profile.php\/?id=100010042720837&_rdr"]}]}},"_links":{"self":[{"href":"https:\/\/cilsbeauty.com\/fr\/wp-json\/wp\/v2\/product\/814","targetHints":{"allow":["GET"]}}],"collection":[{"href":"https:\/\/cilsbeauty.com\/fr\/wp-json\/wp\/v2\/product"}],"about":[{"href":"https:\/\/cilsbeauty.com\/fr\/wp-json\/wp\/v2\/types\/product"}],"wp:featuredmedia":[{"embeddable":true,"href":"https:\/\/cilsbeauty.com\/fr\/wp-json\/wp\/v2\/media\/695"}],"wp:attachment":[{"href":"https:\/\/cilsbeauty.com\/fr\/wp-json\/wp\/v2\/media?parent=814"}],"wp:term":[{"taxonomy":"product_brand","embeddable":true,"href":"https:\/\/cilsbeauty.com\/fr\/wp-json\/wp\/v2\/product_brand?post=814"},{"taxonomy":"product_cat","embeddable":true,"href":"https:\/\/cilsbeauty.com\/fr\/wp-json\/wp\/v2\/product_cat?post=814"},{"taxonomy":"product_tag","embeddable":true,"href":"https:\/\/cilsbeauty.com\/fr\/wp-json\/wp\/v2\/product_tag?post=814"}],"curies":[{"name":"wp","href":"https:\/\/api.w.org\/{rel}","templated":true}]}}