{"id":815,"date":"2024-10-24T21:34:19","date_gmt":"2024-10-24T21:34:19","guid":{"rendered":"https:\/\/cilsbeauty.com\/product\/applicateurs-a-usage-unique\/"},"modified":"2024-10-24T21:34:19","modified_gmt":"2024-10-24T21:34:19","slug":"applicateurs-a-usage-unique","status":"publish","type":"product","link":"https:\/\/cilsbeauty.com\/fr\/product\/applicateurs-a-usage-unique\/","title":{"rendered":"Applicateurs \u00e0 usage unique"},"content":{"rendered":"<p><span style=\"font-weight: 400;\">&#8211; Doux et parfait pour le nettoyage des cils avant la pose avec le nettoyant Pr\u00e9-Traitement<\/span><span style=\"font-weight: 400;\"><br \/>\n<\/span><span style=\"font-weight: 400;\">&#8211; Recommand\u00e9 pour le retrait des extensions de cils avec le Gel Pump Remover<\/span><span style=\"font-weight: 400;\"><br \/>\n<\/span><span style=\"font-weight: 400;\">&#8211; Emballage de 100 pi\u00e8ces.<\/span><\/p>\n<p>&nbsp;<\/p>\n","protected":false},"excerpt":{"rendered":"<p>&#8211; Doux et parfait pour le nettoyage des cils avant la pose avec le nettoyant Pr\u00e9-Traitement &#8211; Recommand\u00e9 pour le retrait des extensions de cils avec le Gel Pump Remover &#8211; Emballage de 100 pi\u00e8ces. &nbsp;<\/p>\n","protected":false},"featured_media":717,"template":"","meta":[],"product_brand":[],"product_cat":[42],"product_tag":[],"class_list":{"0":"post-815","1":"product","2":"type-product","3":"status-publish","4":"has-post-thumbnail","6":"product_cat-produits","8":"first","9":"instock","10":"taxable","11":"shipping-taxable","12":"purchasable","13":"product-type-simple"},"yoast_head":"<!-- This site is optimized with the Yoast SEO plugin v27.2 - https:\/\/yoast.com\/product\/yoast-seo-wordpress\/ -->\n<title>Applicateurs \u00e0 usage unique - Cils Beauty<\/title>\n<meta name=\"robots\" content=\"index, follow, max-snippet:-1, max-image-preview:large, max-video-preview:-1\" \/>\n<link rel=\"canonical\" href=\"https:\/\/cilsbeauty.com\/fr\/product\/applicateurs-a-usage-unique\/\" \/>\n<meta property=\"og:locale\" content=\"fr_FR\" \/>\n<meta property=\"og:type\" content=\"article\" \/>\n<meta property=\"og:title\" content=\"Applicateurs \u00e0 usage unique - Cils Beauty\" \/>\n<meta property=\"og:description\" content=\"&#8211; Doux et parfait pour le nettoyage des cils avant la pose avec le nettoyant Pr\u00e9-Traitement &#8211; Recommand\u00e9 pour le retrait des extensions de cils avec le Gel Pump Remover &#8211; Emballage de 100 pi\u00e8ces. &nbsp;\" \/>\n<meta property=\"og:url\" content=\"https:\/\/cilsbeauty.com\/fr\/product\/applicateurs-a-usage-unique\/\" \/>\n<meta property=\"og:site_name\" content=\"Cils Beauty\" \/>\n<meta property=\"article:publisher\" content=\"https:\/\/www.facebook.com\/profile.php\/?id=100010042720837&amp;_rdr\" \/>\n<meta property=\"og:image\" content=\"https:\/\/cilsbeauty.com\/wp-content\/uploads\/2024\/10\/image5.jpg\" \/>\n\t<meta property=\"og:image:width\" content=\"243\" \/>\n\t<meta property=\"og:image:height\" content=\"207\" \/>\n\t<meta property=\"og:image:type\" content=\"image\/jpeg\" \/>\n<meta name=\"twitter:card\" content=\"summary_large_image\" \/>\n<script type=\"application\/ld+json\" class=\"yoast-schema-graph\">{\"@context\":\"https:\/\/schema.org\",\"@graph\":[{\"@type\":\"WebPage\",\"@id\":\"https:\/\/cilsbeauty.com\/fr\/product\/applicateurs-a-usage-unique\/\",\"url\":\"https:\/\/cilsbeauty.com\/fr\/product\/applicateurs-a-usage-unique\/\",\"name\":\"Applicateurs \u00e0 usage unique - Cils Beauty\",\"isPartOf\":{\"@id\":\"https:\/\/pad.gfa.mybluehost.me\/website_311ca753\/#website\"},\"primaryImageOfPage\":{\"@id\":\"https:\/\/cilsbeauty.com\/fr\/product\/applicateurs-a-usage-unique\/#primaryimage\"},\"image\":{\"@id\":\"https:\/\/cilsbeauty.com\/fr\/product\/applicateurs-a-usage-unique\/#primaryimage\"},\"thumbnailUrl\":\"https:\/\/cilsbeauty.com\/wp-content\/uploads\/2024\/10\/image5.jpg\",\"datePublished\":\"2024-10-24T21:34:19+00:00\",\"breadcrumb\":{\"@id\":\"https:\/\/cilsbeauty.com\/fr\/product\/applicateurs-a-usage-unique\/#breadcrumb\"},\"inLanguage\":\"fr-FR\",\"potentialAction\":[{\"@type\":\"ReadAction\",\"target\":[\"https:\/\/cilsbeauty.com\/fr\/product\/applicateurs-a-usage-unique\/\"]}]},{\"@type\":\"ImageObject\",\"inLanguage\":\"fr-FR\",\"@id\":\"https:\/\/cilsbeauty.com\/fr\/product\/applicateurs-a-usage-unique\/#primaryimage\",\"url\":\"https:\/\/cilsbeauty.com\/wp-content\/uploads\/2024\/10\/image5.jpg\",\"contentUrl\":\"https:\/\/cilsbeauty.com\/wp-content\/uploads\/2024\/10\/image5.jpg\",\"width\":243,\"height\":207},{\"@type\":\"BreadcrumbList\",\"@id\":\"https:\/\/cilsbeauty.com\/fr\/product\/applicateurs-a-usage-unique\/#breadcrumb\",\"itemListElement\":[{\"@type\":\"ListItem\",\"position\":1,\"name\":\"Home\",\"item\":\"https:\/\/cilsbeauty.com\/fr\/accueil\/\"},{\"@type\":\"ListItem\",\"position\":2,\"name\":\"Produits\",\"item\":\"https:\/\/cilsbeauty.com\/fr\/shop\/\"},{\"@type\":\"ListItem\",\"position\":3,\"name\":\"Applicateurs \u00e0 usage unique\"}]},{\"@type\":\"WebSite\",\"@id\":\"https:\/\/pad.gfa.mybluehost.me\/website_311ca753\/#website\",\"url\":\"https:\/\/pad.gfa.mybluehost.me\/website_311ca753\/\",\"name\":\"Cils Beauty\",\"description\":\"\",\"publisher\":{\"@id\":\"https:\/\/pad.gfa.mybluehost.me\/website_311ca753\/#organization\"},\"potentialAction\":[{\"@type\":\"SearchAction\",\"target\":{\"@type\":\"EntryPoint\",\"urlTemplate\":\"https:\/\/pad.gfa.mybluehost.me\/website_311ca753\/?s={search_term_string}\"},\"query-input\":{\"@type\":\"PropertyValueSpecification\",\"valueRequired\":true,\"valueName\":\"search_term_string\"}}],\"inLanguage\":\"fr-FR\"},{\"@type\":\"Organization\",\"@id\":\"https:\/\/pad.gfa.mybluehost.me\/website_311ca753\/#organization\",\"name\":\"Cils Beauty\",\"url\":\"https:\/\/pad.gfa.mybluehost.me\/website_311ca753\/\",\"logo\":{\"@type\":\"ImageObject\",\"inLanguage\":\"fr-FR\",\"@id\":\"https:\/\/pad.gfa.mybluehost.me\/website_311ca753\/#\/schema\/logo\/image\/\",\"url\":\"https:\/\/cilsbeauty.com\/wp-content\/uploads\/2024\/09\/photo_2024-09-16-06.37.06.jpeg\",\"contentUrl\":\"https:\/\/cilsbeauty.com\/wp-content\/uploads\/2024\/09\/photo_2024-09-16-06.37.06.jpeg\",\"width\":300,\"height\":361,\"caption\":\"Cils Beauty\"},\"image\":{\"@id\":\"https:\/\/pad.gfa.mybluehost.me\/website_311ca753\/#\/schema\/logo\/image\/\"},\"sameAs\":[\"https:\/\/www.facebook.com\/profile.php\/?id=100010042720837&_rdr\"]}]}<\/script>\n<!-- \/ Yoast SEO plugin. -->","yoast_head_json":{"title":"Applicateurs \u00e0 usage unique - Cils Beauty","robots":{"index":"index","follow":"follow","max-snippet":"max-snippet:-1","max-image-preview":"max-image-preview:large","max-video-preview":"max-video-preview:-1"},"canonical":"https:\/\/cilsbeauty.com\/fr\/product\/applicateurs-a-usage-unique\/","og_locale":"fr_FR","og_type":"article","og_title":"Applicateurs \u00e0 usage unique - Cils Beauty","og_description":"&#8211; Doux et parfait pour le nettoyage des cils avant la pose avec le nettoyant Pr\u00e9-Traitement &#8211; Recommand\u00e9 pour le retrait des extensions de cils avec le Gel Pump Remover &#8211; Emballage de 100 pi\u00e8ces. &nbsp;","og_url":"https:\/\/cilsbeauty.com\/fr\/product\/applicateurs-a-usage-unique\/","og_site_name":"Cils Beauty","article_publisher":"https:\/\/www.facebook.com\/profile.php\/?id=100010042720837&_rdr","og_image":[{"width":243,"height":207,"url":"https:\/\/cilsbeauty.com\/wp-content\/uploads\/2024\/10\/image5.jpg","type":"image\/jpeg"}],"twitter_card":"summary_large_image","schema":{"@context":"https:\/\/schema.org","@graph":[{"@type":"WebPage","@id":"https:\/\/cilsbeauty.com\/fr\/product\/applicateurs-a-usage-unique\/","url":"https:\/\/cilsbeauty.com\/fr\/product\/applicateurs-a-usage-unique\/","name":"Applicateurs \u00e0 usage unique - Cils Beauty","isPartOf":{"@id":"https:\/\/pad.gfa.mybluehost.me\/website_311ca753\/#website"},"primaryImageOfPage":{"@id":"https:\/\/cilsbeauty.com\/fr\/product\/applicateurs-a-usage-unique\/#primaryimage"},"image":{"@id":"https:\/\/cilsbeauty.com\/fr\/product\/applicateurs-a-usage-unique\/#primaryimage"},"thumbnailUrl":"https:\/\/cilsbeauty.com\/wp-content\/uploads\/2024\/10\/image5.jpg","datePublished":"2024-10-24T21:34:19+00:00","breadcrumb":{"@id":"https:\/\/cilsbeauty.com\/fr\/product\/applicateurs-a-usage-unique\/#breadcrumb"},"inLanguage":"fr-FR","potentialAction":[{"@type":"ReadAction","target":["https:\/\/cilsbeauty.com\/fr\/product\/applicateurs-a-usage-unique\/"]}]},{"@type":"ImageObject","inLanguage":"fr-FR","@id":"https:\/\/cilsbeauty.com\/fr\/product\/applicateurs-a-usage-unique\/#primaryimage","url":"https:\/\/cilsbeauty.com\/wp-content\/uploads\/2024\/10\/image5.jpg","contentUrl":"https:\/\/cilsbeauty.com\/wp-content\/uploads\/2024\/10\/image5.jpg","width":243,"height":207},{"@type":"BreadcrumbList","@id":"https:\/\/cilsbeauty.com\/fr\/product\/applicateurs-a-usage-unique\/#breadcrumb","itemListElement":[{"@type":"ListItem","position":1,"name":"Home","item":"https:\/\/cilsbeauty.com\/fr\/accueil\/"},{"@type":"ListItem","position":2,"name":"Produits","item":"https:\/\/cilsbeauty.com\/fr\/shop\/"},{"@type":"ListItem","position":3,"name":"Applicateurs \u00e0 usage unique"}]},{"@type":"WebSite","@id":"https:\/\/pad.gfa.mybluehost.me\/website_311ca753\/#website","url":"https:\/\/pad.gfa.mybluehost.me\/website_311ca753\/","name":"Cils Beauty","description":"","publisher":{"@id":"https:\/\/pad.gfa.mybluehost.me\/website_311ca753\/#organization"},"potentialAction":[{"@type":"SearchAction","target":{"@type":"EntryPoint","urlTemplate":"https:\/\/pad.gfa.mybluehost.me\/website_311ca753\/?s={search_term_string}"},"query-input":{"@type":"PropertyValueSpecification","valueRequired":true,"valueName":"search_term_string"}}],"inLanguage":"fr-FR"},{"@type":"Organization","@id":"https:\/\/pad.gfa.mybluehost.me\/website_311ca753\/#organization","name":"Cils Beauty","url":"https:\/\/pad.gfa.mybluehost.me\/website_311ca753\/","logo":{"@type":"ImageObject","inLanguage":"fr-FR","@id":"https:\/\/pad.gfa.mybluehost.me\/website_311ca753\/#\/schema\/logo\/image\/","url":"https:\/\/cilsbeauty.com\/wp-content\/uploads\/2024\/09\/photo_2024-09-16-06.37.06.jpeg","contentUrl":"https:\/\/cilsbeauty.com\/wp-content\/uploads\/2024\/09\/photo_2024-09-16-06.37.06.jpeg","width":300,"height":361,"caption":"Cils Beauty"},"image":{"@id":"https:\/\/pad.gfa.mybluehost.me\/website_311ca753\/#\/schema\/logo\/image\/"},"sameAs":["https:\/\/www.facebook.com\/profile.php\/?id=100010042720837&_rdr"]}]}},"_links":{"self":[{"href":"https:\/\/cilsbeauty.com\/fr\/wp-json\/wp\/v2\/product\/815","targetHints":{"allow":["GET"]}}],"collection":[{"href":"https:\/\/cilsbeauty.com\/fr\/wp-json\/wp\/v2\/product"}],"about":[{"href":"https:\/\/cilsbeauty.com\/fr\/wp-json\/wp\/v2\/types\/product"}],"wp:featuredmedia":[{"embeddable":true,"href":"https:\/\/cilsbeauty.com\/fr\/wp-json\/wp\/v2\/media\/717"}],"wp:attachment":[{"href":"https:\/\/cilsbeauty.com\/fr\/wp-json\/wp\/v2\/media?parent=815"}],"wp:term":[{"taxonomy":"product_brand","embeddable":true,"href":"https:\/\/cilsbeauty.com\/fr\/wp-json\/wp\/v2\/product_brand?post=815"},{"taxonomy":"product_cat","embeddable":true,"href":"https:\/\/cilsbeauty.com\/fr\/wp-json\/wp\/v2\/product_cat?post=815"},{"taxonomy":"product_tag","embeddable":true,"href":"https:\/\/cilsbeauty.com\/fr\/wp-json\/wp\/v2\/product_tag?post=815"}],"curies":[{"name":"wp","href":"https:\/\/api.w.org\/{rel}","templated":true}]}}