{"id":817,"date":"2024-10-24T21:30:52","date_gmt":"2024-10-24T21:30:52","guid":{"rendered":"https:\/\/cilsbeauty.com\/product\/brosses-a-cils-paquet-de-50\/"},"modified":"2026-02-04T19:23:52","modified_gmt":"2026-02-04T19:23:52","slug":"brosses-a-cils-paquet-de-50","status":"publish","type":"product","link":"https:\/\/cilsbeauty.com\/fr\/product\/brosses-a-cils-paquet-de-50\/","title":{"rendered":"Brosses \u00e0 cils jetables &#8211; Paquet de 50"},"content":{"rendered":"<p><span style=\"font-weight: 400;\">&#8211; Indispensable pour brosser votre travail et pour l&rsquo;entretien des extensions de cils.<\/span><span style=\"font-weight: 400;\"><br \/>\n<\/span><span style=\"font-weight: 400;\">&#8211; La t\u00eate de la brosse peut \u00eatre l\u00e9g\u00e8rement pli\u00e9e selon vos besoins.<\/span><span style=\"font-weight: 400;\"><br \/>\n<\/span><span style=\"font-weight: 400;\">&#8211; Facile \u00e0 utiliser et \u00e0 transporter.<\/span><span style=\"font-weight: 400;\"><br \/>\n<\/span><span style=\"font-weight: 400;\">&#8211; Recommand\u00e9 pour une utilisation quotidienne le matin et apr\u00e8s la douche, lorsque les cils sont humides.<\/span><span style=\"font-weight: 400;\"><br \/>\n<\/span><span style=\"font-weight: 400;\">&#8211; Paquet de 50 unit\u00e9s<\/span><\/p>\n","protected":false},"excerpt":{"rendered":"<p>&#8211; Indispensable pour brosser votre travail et pour l&rsquo;entretien des extensions de cils. &#8211; La t\u00eate de la brosse peut \u00eatre l\u00e9g\u00e8rement pli\u00e9e selon vos besoins. &#8211; Facile \u00e0 utiliser et \u00e0 transporter. &#8211; Recommand\u00e9 pour une utilisation quotidienne le matin et apr\u00e8s la douche, lorsque les cils sont humides. &#8211; Paquet de 50 unit\u00e9s<\/p>\n","protected":false},"featured_media":931,"template":"","meta":[],"product_brand":[],"product_cat":[42],"product_tag":[],"class_list":{"0":"post-817","1":"product","2":"type-product","3":"status-publish","4":"has-post-thumbnail","6":"product_cat-produits","8":"first","9":"instock","10":"taxable","11":"shipping-taxable","12":"purchasable","13":"product-type-simple"},"yoast_head":"<!-- This site is optimized with the Yoast SEO plugin v27.2 - https:\/\/yoast.com\/product\/yoast-seo-wordpress\/ -->\n<title>Brosses \u00e0 cils jetables - Paquet de 50 - Cils Beauty<\/title>\n<meta name=\"robots\" content=\"index, follow, max-snippet:-1, max-image-preview:large, max-video-preview:-1\" \/>\n<link rel=\"canonical\" href=\"https:\/\/cilsbeauty.com\/fr\/product\/brosses-a-cils-paquet-de-50\/\" \/>\n<meta property=\"og:locale\" content=\"fr_FR\" \/>\n<meta property=\"og:type\" content=\"article\" \/>\n<meta property=\"og:title\" content=\"Brosses \u00e0 cils jetables - Paquet de 50 - Cils Beauty\" \/>\n<meta property=\"og:description\" content=\"&#8211; Indispensable pour brosser votre travail et pour l&rsquo;entretien des extensions de cils. &#8211; La t\u00eate de la brosse peut \u00eatre l\u00e9g\u00e8rement pli\u00e9e selon vos besoins. &#8211; Facile \u00e0 utiliser et \u00e0 transporter. &#8211; Recommand\u00e9 pour une utilisation quotidienne le matin et apr\u00e8s la douche, lorsque les cils sont humides. &#8211; Paquet de 50 unit\u00e9s\" \/>\n<meta property=\"og:url\" content=\"https:\/\/cilsbeauty.com\/fr\/product\/brosses-a-cils-paquet-de-50\/\" \/>\n<meta property=\"og:site_name\" content=\"Cils Beauty\" \/>\n<meta property=\"article:publisher\" content=\"https:\/\/www.facebook.com\/profile.php\/?id=100010042720837&amp;_rdr\" \/>\n<meta property=\"article:modified_time\" content=\"2026-02-04T19:23:52+00:00\" \/>\n<meta property=\"og:image\" content=\"https:\/\/cilsbeauty.com\/wp-content\/uploads\/2024\/10\/5daf85b9-d38e-4768-b182-e90367cb5fb6.jpg\" \/>\n\t<meta property=\"og:image:width\" content=\"736\" \/>\n\t<meta property=\"og:image:height\" content=\"981\" \/>\n\t<meta property=\"og:image:type\" content=\"image\/jpeg\" \/>\n<meta name=\"twitter:card\" content=\"summary_large_image\" \/>\n<script type=\"application\/ld+json\" class=\"yoast-schema-graph\">{\"@context\":\"https:\/\/schema.org\",\"@graph\":[{\"@type\":\"WebPage\",\"@id\":\"https:\/\/cilsbeauty.com\/fr\/product\/brosses-a-cils-paquet-de-50\/\",\"url\":\"https:\/\/cilsbeauty.com\/fr\/product\/brosses-a-cils-paquet-de-50\/\",\"name\":\"Brosses \u00e0 cils jetables - Paquet de 50 - Cils Beauty\",\"isPartOf\":{\"@id\":\"https:\/\/pad.gfa.mybluehost.me\/website_311ca753\/#website\"},\"primaryImageOfPage\":{\"@id\":\"https:\/\/cilsbeauty.com\/fr\/product\/brosses-a-cils-paquet-de-50\/#primaryimage\"},\"image\":{\"@id\":\"https:\/\/cilsbeauty.com\/fr\/product\/brosses-a-cils-paquet-de-50\/#primaryimage\"},\"thumbnailUrl\":\"https:\/\/cilsbeauty.com\/wp-content\/uploads\/2024\/10\/5daf85b9-d38e-4768-b182-e90367cb5fb6.jpg\",\"datePublished\":\"2024-10-24T21:30:52+00:00\",\"dateModified\":\"2026-02-04T19:23:52+00:00\",\"breadcrumb\":{\"@id\":\"https:\/\/cilsbeauty.com\/fr\/product\/brosses-a-cils-paquet-de-50\/#breadcrumb\"},\"inLanguage\":\"fr-FR\",\"potentialAction\":[{\"@type\":\"ReadAction\",\"target\":[\"https:\/\/cilsbeauty.com\/fr\/product\/brosses-a-cils-paquet-de-50\/\"]}]},{\"@type\":\"ImageObject\",\"inLanguage\":\"fr-FR\",\"@id\":\"https:\/\/cilsbeauty.com\/fr\/product\/brosses-a-cils-paquet-de-50\/#primaryimage\",\"url\":\"https:\/\/cilsbeauty.com\/wp-content\/uploads\/2024\/10\/5daf85b9-d38e-4768-b182-e90367cb5fb6.jpg\",\"contentUrl\":\"https:\/\/cilsbeauty.com\/wp-content\/uploads\/2024\/10\/5daf85b9-d38e-4768-b182-e90367cb5fb6.jpg\",\"width\":736,\"height\":981},{\"@type\":\"BreadcrumbList\",\"@id\":\"https:\/\/cilsbeauty.com\/fr\/product\/brosses-a-cils-paquet-de-50\/#breadcrumb\",\"itemListElement\":[{\"@type\":\"ListItem\",\"position\":1,\"name\":\"Home\",\"item\":\"https:\/\/cilsbeauty.com\/fr\/accueil\/\"},{\"@type\":\"ListItem\",\"position\":2,\"name\":\"Produits\",\"item\":\"https:\/\/cilsbeauty.com\/fr\/shop\/\"},{\"@type\":\"ListItem\",\"position\":3,\"name\":\"Brosses \u00e0 cils jetables &#8211; Paquet de 50\"}]},{\"@type\":\"WebSite\",\"@id\":\"https:\/\/pad.gfa.mybluehost.me\/website_311ca753\/#website\",\"url\":\"https:\/\/pad.gfa.mybluehost.me\/website_311ca753\/\",\"name\":\"Cils Beauty\",\"description\":\"\",\"publisher\":{\"@id\":\"https:\/\/pad.gfa.mybluehost.me\/website_311ca753\/#organization\"},\"potentialAction\":[{\"@type\":\"SearchAction\",\"target\":{\"@type\":\"EntryPoint\",\"urlTemplate\":\"https:\/\/pad.gfa.mybluehost.me\/website_311ca753\/?s={search_term_string}\"},\"query-input\":{\"@type\":\"PropertyValueSpecification\",\"valueRequired\":true,\"valueName\":\"search_term_string\"}}],\"inLanguage\":\"fr-FR\"},{\"@type\":\"Organization\",\"@id\":\"https:\/\/pad.gfa.mybluehost.me\/website_311ca753\/#organization\",\"name\":\"Cils Beauty\",\"url\":\"https:\/\/pad.gfa.mybluehost.me\/website_311ca753\/\",\"logo\":{\"@type\":\"ImageObject\",\"inLanguage\":\"fr-FR\",\"@id\":\"https:\/\/pad.gfa.mybluehost.me\/website_311ca753\/#\/schema\/logo\/image\/\",\"url\":\"https:\/\/cilsbeauty.com\/wp-content\/uploads\/2024\/09\/photo_2024-09-16-06.37.06.jpeg\",\"contentUrl\":\"https:\/\/cilsbeauty.com\/wp-content\/uploads\/2024\/09\/photo_2024-09-16-06.37.06.jpeg\",\"width\":300,\"height\":361,\"caption\":\"Cils Beauty\"},\"image\":{\"@id\":\"https:\/\/pad.gfa.mybluehost.me\/website_311ca753\/#\/schema\/logo\/image\/\"},\"sameAs\":[\"https:\/\/www.facebook.com\/profile.php\/?id=100010042720837&_rdr\"]}]}<\/script>\n<!-- \/ Yoast SEO plugin. -->","yoast_head_json":{"title":"Brosses \u00e0 cils jetables - Paquet de 50 - Cils Beauty","robots":{"index":"index","follow":"follow","max-snippet":"max-snippet:-1","max-image-preview":"max-image-preview:large","max-video-preview":"max-video-preview:-1"},"canonical":"https:\/\/cilsbeauty.com\/fr\/product\/brosses-a-cils-paquet-de-50\/","og_locale":"fr_FR","og_type":"article","og_title":"Brosses \u00e0 cils jetables - Paquet de 50 - Cils Beauty","og_description":"&#8211; Indispensable pour brosser votre travail et pour l&rsquo;entretien des extensions de cils. &#8211; La t\u00eate de la brosse peut \u00eatre l\u00e9g\u00e8rement pli\u00e9e selon vos besoins. &#8211; Facile \u00e0 utiliser et \u00e0 transporter. &#8211; Recommand\u00e9 pour une utilisation quotidienne le matin et apr\u00e8s la douche, lorsque les cils sont humides. &#8211; Paquet de 50 unit\u00e9s","og_url":"https:\/\/cilsbeauty.com\/fr\/product\/brosses-a-cils-paquet-de-50\/","og_site_name":"Cils Beauty","article_publisher":"https:\/\/www.facebook.com\/profile.php\/?id=100010042720837&_rdr","article_modified_time":"2026-02-04T19:23:52+00:00","og_image":[{"width":736,"height":981,"url":"https:\/\/cilsbeauty.com\/wp-content\/uploads\/2024\/10\/5daf85b9-d38e-4768-b182-e90367cb5fb6.jpg","type":"image\/jpeg"}],"twitter_card":"summary_large_image","schema":{"@context":"https:\/\/schema.org","@graph":[{"@type":"WebPage","@id":"https:\/\/cilsbeauty.com\/fr\/product\/brosses-a-cils-paquet-de-50\/","url":"https:\/\/cilsbeauty.com\/fr\/product\/brosses-a-cils-paquet-de-50\/","name":"Brosses \u00e0 cils jetables - Paquet de 50 - Cils Beauty","isPartOf":{"@id":"https:\/\/pad.gfa.mybluehost.me\/website_311ca753\/#website"},"primaryImageOfPage":{"@id":"https:\/\/cilsbeauty.com\/fr\/product\/brosses-a-cils-paquet-de-50\/#primaryimage"},"image":{"@id":"https:\/\/cilsbeauty.com\/fr\/product\/brosses-a-cils-paquet-de-50\/#primaryimage"},"thumbnailUrl":"https:\/\/cilsbeauty.com\/wp-content\/uploads\/2024\/10\/5daf85b9-d38e-4768-b182-e90367cb5fb6.jpg","datePublished":"2024-10-24T21:30:52+00:00","dateModified":"2026-02-04T19:23:52+00:00","breadcrumb":{"@id":"https:\/\/cilsbeauty.com\/fr\/product\/brosses-a-cils-paquet-de-50\/#breadcrumb"},"inLanguage":"fr-FR","potentialAction":[{"@type":"ReadAction","target":["https:\/\/cilsbeauty.com\/fr\/product\/brosses-a-cils-paquet-de-50\/"]}]},{"@type":"ImageObject","inLanguage":"fr-FR","@id":"https:\/\/cilsbeauty.com\/fr\/product\/brosses-a-cils-paquet-de-50\/#primaryimage","url":"https:\/\/cilsbeauty.com\/wp-content\/uploads\/2024\/10\/5daf85b9-d38e-4768-b182-e90367cb5fb6.jpg","contentUrl":"https:\/\/cilsbeauty.com\/wp-content\/uploads\/2024\/10\/5daf85b9-d38e-4768-b182-e90367cb5fb6.jpg","width":736,"height":981},{"@type":"BreadcrumbList","@id":"https:\/\/cilsbeauty.com\/fr\/product\/brosses-a-cils-paquet-de-50\/#breadcrumb","itemListElement":[{"@type":"ListItem","position":1,"name":"Home","item":"https:\/\/cilsbeauty.com\/fr\/accueil\/"},{"@type":"ListItem","position":2,"name":"Produits","item":"https:\/\/cilsbeauty.com\/fr\/shop\/"},{"@type":"ListItem","position":3,"name":"Brosses \u00e0 cils jetables &#8211; Paquet de 50"}]},{"@type":"WebSite","@id":"https:\/\/pad.gfa.mybluehost.me\/website_311ca753\/#website","url":"https:\/\/pad.gfa.mybluehost.me\/website_311ca753\/","name":"Cils Beauty","description":"","publisher":{"@id":"https:\/\/pad.gfa.mybluehost.me\/website_311ca753\/#organization"},"potentialAction":[{"@type":"SearchAction","target":{"@type":"EntryPoint","urlTemplate":"https:\/\/pad.gfa.mybluehost.me\/website_311ca753\/?s={search_term_string}"},"query-input":{"@type":"PropertyValueSpecification","valueRequired":true,"valueName":"search_term_string"}}],"inLanguage":"fr-FR"},{"@type":"Organization","@id":"https:\/\/pad.gfa.mybluehost.me\/website_311ca753\/#organization","name":"Cils Beauty","url":"https:\/\/pad.gfa.mybluehost.me\/website_311ca753\/","logo":{"@type":"ImageObject","inLanguage":"fr-FR","@id":"https:\/\/pad.gfa.mybluehost.me\/website_311ca753\/#\/schema\/logo\/image\/","url":"https:\/\/cilsbeauty.com\/wp-content\/uploads\/2024\/09\/photo_2024-09-16-06.37.06.jpeg","contentUrl":"https:\/\/cilsbeauty.com\/wp-content\/uploads\/2024\/09\/photo_2024-09-16-06.37.06.jpeg","width":300,"height":361,"caption":"Cils Beauty"},"image":{"@id":"https:\/\/pad.gfa.mybluehost.me\/website_311ca753\/#\/schema\/logo\/image\/"},"sameAs":["https:\/\/www.facebook.com\/profile.php\/?id=100010042720837&_rdr"]}]}},"_links":{"self":[{"href":"https:\/\/cilsbeauty.com\/fr\/wp-json\/wp\/v2\/product\/817","targetHints":{"allow":["GET"]}}],"collection":[{"href":"https:\/\/cilsbeauty.com\/fr\/wp-json\/wp\/v2\/product"}],"about":[{"href":"https:\/\/cilsbeauty.com\/fr\/wp-json\/wp\/v2\/types\/product"}],"wp:featuredmedia":[{"embeddable":true,"href":"https:\/\/cilsbeauty.com\/fr\/wp-json\/wp\/v2\/media\/931"}],"wp:attachment":[{"href":"https:\/\/cilsbeauty.com\/fr\/wp-json\/wp\/v2\/media?parent=817"}],"wp:term":[{"taxonomy":"product_brand","embeddable":true,"href":"https:\/\/cilsbeauty.com\/fr\/wp-json\/wp\/v2\/product_brand?post=817"},{"taxonomy":"product_cat","embeddable":true,"href":"https:\/\/cilsbeauty.com\/fr\/wp-json\/wp\/v2\/product_cat?post=817"},{"taxonomy":"product_tag","embeddable":true,"href":"https:\/\/cilsbeauty.com\/fr\/wp-json\/wp\/v2\/product_tag?post=817"}],"curies":[{"name":"wp","href":"https:\/\/api.w.org\/{rel}","templated":true}]}}