{"id":830,"date":"2024-09-12T22:41:15","date_gmt":"2024-09-12T22:41:15","guid":{"rendered":"https:\/\/cilsbeauty.com\/product\/lumiere-led-reglable\/"},"modified":"2024-09-12T22:41:15","modified_gmt":"2024-09-12T22:41:15","slug":"lumiere-led-reglable","status":"publish","type":"product","link":"https:\/\/cilsbeauty.com\/fr\/product\/lumiere-led-reglable\/","title":{"rendered":"Lumi\u00e8re LED r\u00e9glable"},"content":{"rendered":"<p><span style=\"font-weight: 400;\">Notre lampe LED ajustable sera votre nouvelle pr\u00e9f\u00e9r\u00e9e pour votre espace de travail ! Peu encombrant et 100% polyvalent, il vous accompagnera dans votre processus de pose de cils du d\u00e9but jusqu&rsquo;\u00e0 la photo finale de votre cliente !<\/span><\/p>\n<p><span style=\"font-weight: 400;\">&#8211; R\u00e9glable en hauteur<\/span><span style=\"font-weight: 400;\"><br \/>\n<\/span><span style=\"font-weight: 400;\">&#8211; R\u00e9glage de l&rsquo;intensit\u00e9 de la luminosit\u00e9<\/span><span style=\"font-weight: 400;\"><br \/>\n<\/span><span style=\"font-weight: 400;\">&#8211; R\u00e9glage de la temp\u00e9rature de couleur (3000K-4000K)<\/span><span style=\"font-weight: 400;\"><br \/>\n<\/span><span style=\"font-weight: 400;\">&#8211; Rotation de 360 degr\u00e9s<\/span><span style=\"font-weight: 400;\"><br \/>\n<\/span><span style=\"font-weight: 400;\">&#8211; Support de t\u00e9l\u00e9phone inclus<\/span><span style=\"font-weight: 400;\"><br \/>\n<\/span><span style=\"font-weight: 400;\">&#8211; Disponible en 2 couleurs<\/span><\/p>\n","protected":false},"excerpt":{"rendered":"<p>Notre lampe LED ajustable sera votre nouvelle pr\u00e9f\u00e9r\u00e9e pour votre espace de travail ! Peu encombrant et 100% polyvalent, il vous accompagnera dans votre processus de pose de cils du d\u00e9but jusqu&rsquo;\u00e0 la photo finale de votre cliente ! &#8211; R\u00e9glable en hauteur &#8211; R\u00e9glage de l&rsquo;intensit\u00e9 de la luminosit\u00e9 &#8211; R\u00e9glage de la temp\u00e9rature [&hellip;]<\/p>\n","protected":false},"featured_media":715,"template":"","meta":[],"product_brand":[],"product_cat":[42],"product_tag":[],"class_list":{"0":"post-830","1":"product","2":"type-product","3":"status-publish","4":"has-post-thumbnail","6":"product_cat-produits","8":"first","9":"instock","10":"taxable","11":"shipping-taxable","12":"purchasable","13":"product-type-simple"},"yoast_head":"<!-- This site is optimized with the Yoast SEO plugin v27.2 - https:\/\/yoast.com\/product\/yoast-seo-wordpress\/ -->\n<title>Lumi\u00e8re LED r\u00e9glable - Cils Beauty<\/title>\n<meta name=\"robots\" content=\"index, follow, max-snippet:-1, max-image-preview:large, max-video-preview:-1\" \/>\n<link rel=\"canonical\" href=\"https:\/\/cilsbeauty.com\/fr\/product\/lumiere-led-reglable\/\" \/>\n<meta property=\"og:locale\" content=\"fr_FR\" \/>\n<meta property=\"og:type\" content=\"article\" \/>\n<meta property=\"og:title\" content=\"Lumi\u00e8re LED r\u00e9glable - Cils Beauty\" \/>\n<meta property=\"og:description\" content=\"Notre lampe LED ajustable sera votre nouvelle pr\u00e9f\u00e9r\u00e9e pour votre espace de travail ! Peu encombrant et 100% polyvalent, il vous accompagnera dans votre processus de pose de cils du d\u00e9but jusqu&rsquo;\u00e0 la photo finale de votre cliente ! &#8211; R\u00e9glable en hauteur &#8211; R\u00e9glage de l&rsquo;intensit\u00e9 de la luminosit\u00e9 &#8211; R\u00e9glage de la temp\u00e9rature [&hellip;]\" \/>\n<meta property=\"og:url\" content=\"https:\/\/cilsbeauty.com\/fr\/product\/lumiere-led-reglable\/\" \/>\n<meta property=\"og:site_name\" content=\"Cils Beauty\" \/>\n<meta property=\"article:publisher\" content=\"https:\/\/www.facebook.com\/profile.php\/?id=100010042720837&amp;_rdr\" \/>\n<meta property=\"og:image\" content=\"https:\/\/cilsbeauty.com\/wp-content\/uploads\/2024\/09\/image1.jpg\" \/>\n\t<meta property=\"og:image:width\" content=\"363\" \/>\n\t<meta property=\"og:image:height\" content=\"363\" \/>\n\t<meta property=\"og:image:type\" content=\"image\/jpeg\" \/>\n<meta name=\"twitter:card\" content=\"summary_large_image\" \/>\n<script type=\"application\/ld+json\" class=\"yoast-schema-graph\">{\"@context\":\"https:\/\/schema.org\",\"@graph\":[{\"@type\":\"WebPage\",\"@id\":\"https:\/\/cilsbeauty.com\/fr\/product\/lumiere-led-reglable\/\",\"url\":\"https:\/\/cilsbeauty.com\/fr\/product\/lumiere-led-reglable\/\",\"name\":\"Lumi\u00e8re LED r\u00e9glable - Cils Beauty\",\"isPartOf\":{\"@id\":\"https:\/\/pad.gfa.mybluehost.me\/website_311ca753\/#website\"},\"primaryImageOfPage\":{\"@id\":\"https:\/\/cilsbeauty.com\/fr\/product\/lumiere-led-reglable\/#primaryimage\"},\"image\":{\"@id\":\"https:\/\/cilsbeauty.com\/fr\/product\/lumiere-led-reglable\/#primaryimage\"},\"thumbnailUrl\":\"https:\/\/cilsbeauty.com\/wp-content\/uploads\/2024\/09\/image1.jpg\",\"datePublished\":\"2024-09-12T22:41:15+00:00\",\"breadcrumb\":{\"@id\":\"https:\/\/cilsbeauty.com\/fr\/product\/lumiere-led-reglable\/#breadcrumb\"},\"inLanguage\":\"fr-FR\",\"potentialAction\":[{\"@type\":\"ReadAction\",\"target\":[\"https:\/\/cilsbeauty.com\/fr\/product\/lumiere-led-reglable\/\"]}]},{\"@type\":\"ImageObject\",\"inLanguage\":\"fr-FR\",\"@id\":\"https:\/\/cilsbeauty.com\/fr\/product\/lumiere-led-reglable\/#primaryimage\",\"url\":\"https:\/\/cilsbeauty.com\/wp-content\/uploads\/2024\/09\/image1.jpg\",\"contentUrl\":\"https:\/\/cilsbeauty.com\/wp-content\/uploads\/2024\/09\/image1.jpg\",\"width\":363,\"height\":363},{\"@type\":\"BreadcrumbList\",\"@id\":\"https:\/\/cilsbeauty.com\/fr\/product\/lumiere-led-reglable\/#breadcrumb\",\"itemListElement\":[{\"@type\":\"ListItem\",\"position\":1,\"name\":\"Home\",\"item\":\"https:\/\/cilsbeauty.com\/fr\/accueil\/\"},{\"@type\":\"ListItem\",\"position\":2,\"name\":\"Produits\",\"item\":\"https:\/\/cilsbeauty.com\/fr\/shop\/\"},{\"@type\":\"ListItem\",\"position\":3,\"name\":\"Lumi\u00e8re LED r\u00e9glable\"}]},{\"@type\":\"WebSite\",\"@id\":\"https:\/\/pad.gfa.mybluehost.me\/website_311ca753\/#website\",\"url\":\"https:\/\/pad.gfa.mybluehost.me\/website_311ca753\/\",\"name\":\"Cils Beauty\",\"description\":\"\",\"publisher\":{\"@id\":\"https:\/\/pad.gfa.mybluehost.me\/website_311ca753\/#organization\"},\"potentialAction\":[{\"@type\":\"SearchAction\",\"target\":{\"@type\":\"EntryPoint\",\"urlTemplate\":\"https:\/\/pad.gfa.mybluehost.me\/website_311ca753\/?s={search_term_string}\"},\"query-input\":{\"@type\":\"PropertyValueSpecification\",\"valueRequired\":true,\"valueName\":\"search_term_string\"}}],\"inLanguage\":\"fr-FR\"},{\"@type\":\"Organization\",\"@id\":\"https:\/\/pad.gfa.mybluehost.me\/website_311ca753\/#organization\",\"name\":\"Cils Beauty\",\"url\":\"https:\/\/pad.gfa.mybluehost.me\/website_311ca753\/\",\"logo\":{\"@type\":\"ImageObject\",\"inLanguage\":\"fr-FR\",\"@id\":\"https:\/\/pad.gfa.mybluehost.me\/website_311ca753\/#\/schema\/logo\/image\/\",\"url\":\"https:\/\/cilsbeauty.com\/wp-content\/uploads\/2024\/09\/photo_2024-09-16-06.37.06.jpeg\",\"contentUrl\":\"https:\/\/cilsbeauty.com\/wp-content\/uploads\/2024\/09\/photo_2024-09-16-06.37.06.jpeg\",\"width\":300,\"height\":361,\"caption\":\"Cils Beauty\"},\"image\":{\"@id\":\"https:\/\/pad.gfa.mybluehost.me\/website_311ca753\/#\/schema\/logo\/image\/\"},\"sameAs\":[\"https:\/\/www.facebook.com\/profile.php\/?id=100010042720837&_rdr\"]}]}<\/script>\n<!-- \/ Yoast SEO plugin. -->","yoast_head_json":{"title":"Lumi\u00e8re LED r\u00e9glable - Cils Beauty","robots":{"index":"index","follow":"follow","max-snippet":"max-snippet:-1","max-image-preview":"max-image-preview:large","max-video-preview":"max-video-preview:-1"},"canonical":"https:\/\/cilsbeauty.com\/fr\/product\/lumiere-led-reglable\/","og_locale":"fr_FR","og_type":"article","og_title":"Lumi\u00e8re LED r\u00e9glable - Cils Beauty","og_description":"Notre lampe LED ajustable sera votre nouvelle pr\u00e9f\u00e9r\u00e9e pour votre espace de travail ! Peu encombrant et 100% polyvalent, il vous accompagnera dans votre processus de pose de cils du d\u00e9but jusqu&rsquo;\u00e0 la photo finale de votre cliente ! &#8211; R\u00e9glable en hauteur &#8211; R\u00e9glage de l&rsquo;intensit\u00e9 de la luminosit\u00e9 &#8211; R\u00e9glage de la temp\u00e9rature [&hellip;]","og_url":"https:\/\/cilsbeauty.com\/fr\/product\/lumiere-led-reglable\/","og_site_name":"Cils Beauty","article_publisher":"https:\/\/www.facebook.com\/profile.php\/?id=100010042720837&_rdr","og_image":[{"width":363,"height":363,"url":"https:\/\/cilsbeauty.com\/wp-content\/uploads\/2024\/09\/image1.jpg","type":"image\/jpeg"}],"twitter_card":"summary_large_image","schema":{"@context":"https:\/\/schema.org","@graph":[{"@type":"WebPage","@id":"https:\/\/cilsbeauty.com\/fr\/product\/lumiere-led-reglable\/","url":"https:\/\/cilsbeauty.com\/fr\/product\/lumiere-led-reglable\/","name":"Lumi\u00e8re LED r\u00e9glable - Cils Beauty","isPartOf":{"@id":"https:\/\/pad.gfa.mybluehost.me\/website_311ca753\/#website"},"primaryImageOfPage":{"@id":"https:\/\/cilsbeauty.com\/fr\/product\/lumiere-led-reglable\/#primaryimage"},"image":{"@id":"https:\/\/cilsbeauty.com\/fr\/product\/lumiere-led-reglable\/#primaryimage"},"thumbnailUrl":"https:\/\/cilsbeauty.com\/wp-content\/uploads\/2024\/09\/image1.jpg","datePublished":"2024-09-12T22:41:15+00:00","breadcrumb":{"@id":"https:\/\/cilsbeauty.com\/fr\/product\/lumiere-led-reglable\/#breadcrumb"},"inLanguage":"fr-FR","potentialAction":[{"@type":"ReadAction","target":["https:\/\/cilsbeauty.com\/fr\/product\/lumiere-led-reglable\/"]}]},{"@type":"ImageObject","inLanguage":"fr-FR","@id":"https:\/\/cilsbeauty.com\/fr\/product\/lumiere-led-reglable\/#primaryimage","url":"https:\/\/cilsbeauty.com\/wp-content\/uploads\/2024\/09\/image1.jpg","contentUrl":"https:\/\/cilsbeauty.com\/wp-content\/uploads\/2024\/09\/image1.jpg","width":363,"height":363},{"@type":"BreadcrumbList","@id":"https:\/\/cilsbeauty.com\/fr\/product\/lumiere-led-reglable\/#breadcrumb","itemListElement":[{"@type":"ListItem","position":1,"name":"Home","item":"https:\/\/cilsbeauty.com\/fr\/accueil\/"},{"@type":"ListItem","position":2,"name":"Produits","item":"https:\/\/cilsbeauty.com\/fr\/shop\/"},{"@type":"ListItem","position":3,"name":"Lumi\u00e8re LED r\u00e9glable"}]},{"@type":"WebSite","@id":"https:\/\/pad.gfa.mybluehost.me\/website_311ca753\/#website","url":"https:\/\/pad.gfa.mybluehost.me\/website_311ca753\/","name":"Cils Beauty","description":"","publisher":{"@id":"https:\/\/pad.gfa.mybluehost.me\/website_311ca753\/#organization"},"potentialAction":[{"@type":"SearchAction","target":{"@type":"EntryPoint","urlTemplate":"https:\/\/pad.gfa.mybluehost.me\/website_311ca753\/?s={search_term_string}"},"query-input":{"@type":"PropertyValueSpecification","valueRequired":true,"valueName":"search_term_string"}}],"inLanguage":"fr-FR"},{"@type":"Organization","@id":"https:\/\/pad.gfa.mybluehost.me\/website_311ca753\/#organization","name":"Cils Beauty","url":"https:\/\/pad.gfa.mybluehost.me\/website_311ca753\/","logo":{"@type":"ImageObject","inLanguage":"fr-FR","@id":"https:\/\/pad.gfa.mybluehost.me\/website_311ca753\/#\/schema\/logo\/image\/","url":"https:\/\/cilsbeauty.com\/wp-content\/uploads\/2024\/09\/photo_2024-09-16-06.37.06.jpeg","contentUrl":"https:\/\/cilsbeauty.com\/wp-content\/uploads\/2024\/09\/photo_2024-09-16-06.37.06.jpeg","width":300,"height":361,"caption":"Cils Beauty"},"image":{"@id":"https:\/\/pad.gfa.mybluehost.me\/website_311ca753\/#\/schema\/logo\/image\/"},"sameAs":["https:\/\/www.facebook.com\/profile.php\/?id=100010042720837&_rdr"]}]}},"_links":{"self":[{"href":"https:\/\/cilsbeauty.com\/fr\/wp-json\/wp\/v2\/product\/830","targetHints":{"allow":["GET"]}}],"collection":[{"href":"https:\/\/cilsbeauty.com\/fr\/wp-json\/wp\/v2\/product"}],"about":[{"href":"https:\/\/cilsbeauty.com\/fr\/wp-json\/wp\/v2\/types\/product"}],"wp:featuredmedia":[{"embeddable":true,"href":"https:\/\/cilsbeauty.com\/fr\/wp-json\/wp\/v2\/media\/715"}],"wp:attachment":[{"href":"https:\/\/cilsbeauty.com\/fr\/wp-json\/wp\/v2\/media?parent=830"}],"wp:term":[{"taxonomy":"product_brand","embeddable":true,"href":"https:\/\/cilsbeauty.com\/fr\/wp-json\/wp\/v2\/product_brand?post=830"},{"taxonomy":"product_cat","embeddable":true,"href":"https:\/\/cilsbeauty.com\/fr\/wp-json\/wp\/v2\/product_cat?post=830"},{"taxonomy":"product_tag","embeddable":true,"href":"https:\/\/cilsbeauty.com\/fr\/wp-json\/wp\/v2\/product_tag?post=830"}],"curies":[{"name":"wp","href":"https:\/\/api.w.org\/{rel}","templated":true}]}}